{"id":97,"date":"2013-03-26T22:26:09","date_gmt":"2013-03-27T02:26:09","guid":{"rendered":"https:\/\/gphm.ca\/fr\/?page_id=97"},"modified":"2025-09-23T14:57:58","modified_gmt":"2025-09-23T19:57:58","slug":"equipe","status":"publish","type":"page","link":"https:\/\/gphm.ca\/fr\/equipe\/","title":{"rendered":"\u00c9quipe"},"content":{"rendered":"<h2>Le GPHM, un organisme g\u00e9r\u00e9 \u00e0 100% par des b\u00e9n\u00e9voles !<\/h2>\n<h3><\/h3>\n<h3>Le conseil d&rsquo;administration du GPHM, pour l&rsquo;ann\u00e9e\u00a0 2025\/2026, est compos\u00e9 de:<\/h3>\n<ul>\n<li>Pr\u00e9sident : \u00a0R\u00e9al Houle<\/li>\n<li>Vice-pr\u00e9sident :Pierre Mongrain<\/li>\n<li>Tr\u00e9sorier: R\u00e9al Houle<\/li>\n<li>Secr\u00e9taire :Denise Beauchemin<\/li>\n<li>Administrateur et directeur clinique :\u00a0Pierre Eddy Constant PhD<\/li>\n<li>Administrateur et conseiller TI: St\u00e9phane Tremblay<\/li>\n<li>Administrateur \u00a0:\u00a0 Fran\u00e7ois Ouellette<\/li>\n<li>Administratrice (repr\u00e9sentante de la communaut\u00e9): Oc\u00e9ane Bouffard<\/li>\n<\/ul>\n<p>&nbsp;<\/p>\n<p>&nbsp;<\/p>\n<ul>\n<li>Pr\u00e9sidents sortants :\n<ul>\n<li>Xuan Luu Mai (2018-2024)<\/li>\n<li>Richard Morel (2017-2018)<\/li>\n<li>Claude Beauvais (2016-2017)<\/li>\n<li>Luc Beaudoin (2013-2016)<\/li>\n<li>R\u00e9al Houle (2012-2013)<\/li>\n<li>Serge Martin (2010-2012)<\/li>\n<li>G\u00e9rald Voghel (2006-2010)<\/li>\n<li>Normand Legros, Fondateur (1999-2006)Collaborateurs au CA du GP<\/li>\n<\/ul>\n<\/li>\n<\/ul>\n<p><strong>\u00a0 \u00a0 \u00a0 \u00a0 \u00a0 \u00a0<\/strong><\/p>\n<p>&nbsp;<\/p>\n<hr \/>\n<h3>Animateurs et co-animateurs<\/h3>\n<ul>\n<li><span style=\"color: #3366ff;\"><b>Boucherville (Mardi)<\/b><\/span>\n<ul>\n<li>Animateur: R\u00e9al Houle<\/li>\n<li>Co animateur:<\/li>\n<\/ul>\n<\/li>\n<li><strong><span style=\"color: #3366ff;\">Boucherville (Mercredi)<\/span><\/strong>\n<ul>\n<li>Animateur: Pierre Eddy Constant<\/li>\n<li>Co animateur: Serge Savard<\/li>\n<\/ul>\n<\/li>\n<\/ul>\n<p>&nbsp;<\/p>\n<p><strong>\u00a0Responsable de la protection des renseignements personnels (loi 25)\u00a0<\/strong><\/p>\n<ul>\n<li>R\u00e9al Houle<\/li>\n<\/ul>\n<p><strong>Responsable de l&rsquo;application de la Politique contre le harc\u00e8lement psychologique ou sexuel:\u00a0<\/strong><\/p>\n<ul>\n<li>\u00a0R\u00e9al Houle<\/li>\n<\/ul>\n<hr \/>\n<h3>Comit\u00e9 Communication<\/h3>\n<ul>\n<li>St\u00e9phane Tremblay directeur du comit\u00e9 Communication<\/li>\n<li>Oc\u00e9ane Bouffard<\/li>\n<li>R\u00e9al Houle<\/li>\n<\/ul>\n<p>&nbsp;<\/p>\n","protected":false},"excerpt":{"rendered":"<p>Le GPHM, un organisme g\u00e9r\u00e9 \u00e0 100% par des b\u00e9n\u00e9voles ! Le conseil d&rsquo;administration du GPHM, pour l&rsquo;ann\u00e9e\u00a0 2025\/2026, est compos\u00e9 de: Pr\u00e9sident : \u00a0R\u00e9al Houle Vice-pr\u00e9sident :Pierre Mongrain Tr\u00e9sorier: R\u00e9al Houle Secr\u00e9taire :Denise Beauchemin Administrateur et directeur clinique :\u00a0Pierre Eddy Constant PhD Administrateur et conseiller TI: St\u00e9phane Tremblay Administrateur \u00a0:\u00a0 Fran\u00e7ois Ouellette Administratrice (repr\u00e9sentante [&hellip;]<\/p>\n","protected":false},"author":1,"featured_media":0,"parent":0,"menu_order":5,"comment_status":"closed","ping_status":"open","template":"","meta":{"footnotes":""},"class_list":["post-97","page","type-page","status-publish","hentry"],"yoast_head":"<!-- This site is optimized with the Yoast SEO plugin v26.6 - https:\/\/yoast.com\/wordpress\/plugins\/seo\/ -->\n<title>GPHM<\/title>\n<meta name=\"description\" content=\"Au GPHM, plusieurs b\u00e9n\u00e9voles oeuvrent pour offrir des services de qualit\u00e9. Voici notre conseil d&#039;administration 2016\/2017. Implication des hommes valoris\u00e9e!\" \/>\n<meta name=\"robots\" content=\"index, follow, max-snippet:-1, max-image-preview:large, max-video-preview:-1\" \/>\n<link rel=\"canonical\" href=\"https:\/\/gphm.ca\/fr\/equipe\/\" \/>\n<meta property=\"og:locale\" content=\"fr_FR\" \/>\n<meta property=\"og:type\" content=\"article\" \/>\n<meta property=\"og:title\" content=\"GPHM\" \/>\n<meta property=\"og:description\" content=\"Au GPHM, plusieurs b\u00e9n\u00e9voles oeuvrent pour offrir des services de qualit\u00e9. Voici notre conseil d&#039;administration 2016\/2017. Implication des hommes valoris\u00e9e!\" \/>\n<meta property=\"og:url\" content=\"https:\/\/gphm.ca\/fr\/equipe\/\" \/>\n<meta property=\"og:site_name\" content=\"Groupe de partage\" \/>\n<meta property=\"article:modified_time\" content=\"2025-09-23T19:57:58+00:00\" \/>\n<meta name=\"twitter:card\" content=\"summary_large_image\" \/>\n<meta name=\"twitter:label1\" content=\"Dur\u00e9e de lecture estim\u00e9e\" \/>\n\t<meta name=\"twitter:data1\" content=\"1 minute\" \/>\n<script type=\"application\/ld+json\" class=\"yoast-schema-graph\">{\"@context\":\"https:\/\/schema.org\",\"@graph\":[{\"@type\":\"WebPage\",\"@id\":\"https:\/\/gphm.ca\/fr\/equipe\/\",\"url\":\"https:\/\/gphm.ca\/fr\/equipe\/\",\"name\":\"GPHM\",\"isPartOf\":{\"@id\":\"https:\/\/gphm.ca\/fr\/#website\"},\"datePublished\":\"2013-03-27T02:26:09+00:00\",\"dateModified\":\"2025-09-23T19:57:58+00:00\",\"description\":\"Au GPHM, plusieurs b\u00e9n\u00e9voles oeuvrent pour offrir des services de qualit\u00e9. Voici notre conseil d'administration 2016\/2017. Implication des hommes valoris\u00e9e!\",\"breadcrumb\":{\"@id\":\"https:\/\/gphm.ca\/fr\/equipe\/#breadcrumb\"},\"inLanguage\":\"fr-FR\",\"potentialAction\":[{\"@type\":\"ReadAction\",\"target\":[\"https:\/\/gphm.ca\/fr\/equipe\/\"]}]},{\"@type\":\"BreadcrumbList\",\"@id\":\"https:\/\/gphm.ca\/fr\/equipe\/#breadcrumb\",\"itemListElement\":[{\"@type\":\"ListItem\",\"position\":1,\"name\":\"Home\",\"item\":\"https:\/\/gphm.ca\/fr\/\"},{\"@type\":\"ListItem\",\"position\":2,\"name\":\"\u00c9quipe\"}]},{\"@type\":\"WebSite\",\"@id\":\"https:\/\/gphm.ca\/fr\/#website\",\"url\":\"https:\/\/gphm.ca\/fr\/\",\"name\":\"Groupe de partage\",\"description\":\"Aide pour hommes en Mont\u00e9r\u00e9gie\",\"publisher\":{\"@id\":\"https:\/\/gphm.ca\/fr\/#organization\"},\"potentialAction\":[{\"@type\":\"SearchAction\",\"target\":{\"@type\":\"EntryPoint\",\"urlTemplate\":\"https:\/\/gphm.ca\/fr\/?s={search_term_string}\"},\"query-input\":{\"@type\":\"PropertyValueSpecification\",\"valueRequired\":true,\"valueName\":\"search_term_string\"}}],\"inLanguage\":\"fr-FR\"},{\"@type\":\"Organization\",\"@id\":\"https:\/\/gphm.ca\/fr\/#organization\",\"name\":\"Groupe de Partage pou Hommes de la Mont\u00e9r\u00e9gie\",\"url\":\"https:\/\/gphm.ca\/fr\/\",\"logo\":{\"@type\":\"ImageObject\",\"inLanguage\":\"fr-FR\",\"@id\":\"https:\/\/gphm.ca\/fr\/#\/schema\/logo\/image\/\",\"url\":\"https:\/\/gphm.ca\/fr\/wp-content\/uploads\/2014\/06\/LOGO-gphm-compact-web2.png\",\"contentUrl\":\"https:\/\/gphm.ca\/fr\/wp-content\/uploads\/2014\/06\/LOGO-gphm-compact-web2.png\",\"width\":598,\"height\":273,\"caption\":\"Groupe de Partage pou Hommes de la Mont\u00e9r\u00e9gie\"},\"image\":{\"@id\":\"https:\/\/gphm.ca\/fr\/#\/schema\/logo\/image\/\"}}]}<\/script>\n<!-- \/ Yoast SEO plugin. -->","yoast_head_json":{"title":"GPHM","description":"Au GPHM, plusieurs b\u00e9n\u00e9voles oeuvrent pour offrir des services de qualit\u00e9. Voici notre conseil d'administration 2016\/2017. Implication des hommes valoris\u00e9e!","robots":{"index":"index","follow":"follow","max-snippet":"max-snippet:-1","max-image-preview":"max-image-preview:large","max-video-preview":"max-video-preview:-1"},"canonical":"https:\/\/gphm.ca\/fr\/equipe\/","og_locale":"fr_FR","og_type":"article","og_title":"GPHM","og_description":"Au GPHM, plusieurs b\u00e9n\u00e9voles oeuvrent pour offrir des services de qualit\u00e9. Voici notre conseil d'administration 2016\/2017. Implication des hommes valoris\u00e9e!","og_url":"https:\/\/gphm.ca\/fr\/equipe\/","og_site_name":"Groupe de partage","article_modified_time":"2025-09-23T19:57:58+00:00","twitter_card":"summary_large_image","twitter_misc":{"Dur\u00e9e de lecture estim\u00e9e":"1 minute"},"schema":{"@context":"https:\/\/schema.org","@graph":[{"@type":"WebPage","@id":"https:\/\/gphm.ca\/fr\/equipe\/","url":"https:\/\/gphm.ca\/fr\/equipe\/","name":"GPHM","isPartOf":{"@id":"https:\/\/gphm.ca\/fr\/#website"},"datePublished":"2013-03-27T02:26:09+00:00","dateModified":"2025-09-23T19:57:58+00:00","description":"Au GPHM, plusieurs b\u00e9n\u00e9voles oeuvrent pour offrir des services de qualit\u00e9. Voici notre conseil d'administration 2016\/2017. Implication des hommes valoris\u00e9e!","breadcrumb":{"@id":"https:\/\/gphm.ca\/fr\/equipe\/#breadcrumb"},"inLanguage":"fr-FR","potentialAction":[{"@type":"ReadAction","target":["https:\/\/gphm.ca\/fr\/equipe\/"]}]},{"@type":"BreadcrumbList","@id":"https:\/\/gphm.ca\/fr\/equipe\/#breadcrumb","itemListElement":[{"@type":"ListItem","position":1,"name":"Home","item":"https:\/\/gphm.ca\/fr\/"},{"@type":"ListItem","position":2,"name":"\u00c9quipe"}]},{"@type":"WebSite","@id":"https:\/\/gphm.ca\/fr\/#website","url":"https:\/\/gphm.ca\/fr\/","name":"Groupe de partage","description":"Aide pour hommes en Mont\u00e9r\u00e9gie","publisher":{"@id":"https:\/\/gphm.ca\/fr\/#organization"},"potentialAction":[{"@type":"SearchAction","target":{"@type":"EntryPoint","urlTemplate":"https:\/\/gphm.ca\/fr\/?s={search_term_string}"},"query-input":{"@type":"PropertyValueSpecification","valueRequired":true,"valueName":"search_term_string"}}],"inLanguage":"fr-FR"},{"@type":"Organization","@id":"https:\/\/gphm.ca\/fr\/#organization","name":"Groupe de Partage pou Hommes de la Mont\u00e9r\u00e9gie","url":"https:\/\/gphm.ca\/fr\/","logo":{"@type":"ImageObject","inLanguage":"fr-FR","@id":"https:\/\/gphm.ca\/fr\/#\/schema\/logo\/image\/","url":"https:\/\/gphm.ca\/fr\/wp-content\/uploads\/2014\/06\/LOGO-gphm-compact-web2.png","contentUrl":"https:\/\/gphm.ca\/fr\/wp-content\/uploads\/2014\/06\/LOGO-gphm-compact-web2.png","width":598,"height":273,"caption":"Groupe de Partage pou Hommes de la Mont\u00e9r\u00e9gie"},"image":{"@id":"https:\/\/gphm.ca\/fr\/#\/schema\/logo\/image\/"}}]}},"_links":{"self":[{"href":"https:\/\/gphm.ca\/fr\/wp-json\/wp\/v2\/pages\/97","targetHints":{"allow":["GET"]}}],"collection":[{"href":"https:\/\/gphm.ca\/fr\/wp-json\/wp\/v2\/pages"}],"about":[{"href":"https:\/\/gphm.ca\/fr\/wp-json\/wp\/v2\/types\/page"}],"author":[{"embeddable":true,"href":"https:\/\/gphm.ca\/fr\/wp-json\/wp\/v2\/users\/1"}],"replies":[{"embeddable":true,"href":"https:\/\/gphm.ca\/fr\/wp-json\/wp\/v2\/comments?post=97"}],"version-history":[{"count":35,"href":"https:\/\/gphm.ca\/fr\/wp-json\/wp\/v2\/pages\/97\/revisions"}],"predecessor-version":[{"id":2307,"href":"https:\/\/gphm.ca\/fr\/wp-json\/wp\/v2\/pages\/97\/revisions\/2307"}],"wp:attachment":[{"href":"https:\/\/gphm.ca\/fr\/wp-json\/wp\/v2\/media?parent=97"}],"curies":[{"name":"wp","href":"https:\/\/api.w.org\/{rel}","templated":true}]}}