{"id":2,"date":"2012-10-29T16:16:04","date_gmt":"2012-10-29T16:16:04","guid":{"rendered":"https:\/\/gphm.ca\/fr\/?page_id=2"},"modified":"2026-02-10T09:44:22","modified_gmt":"2026-02-10T14:44:22","slug":"sample-page","status":"publish","type":"page","link":"https:\/\/gphm.ca\/fr\/","title":{"rendered":"Accueil &#8211; hommes"},"content":{"rendered":"\n<p><\/p>\n\n\n\n<p><\/p>\n\n\n\n<p><\/p>\n\n\n\n<p>Groupe de partage pour hommes de la Mont\u00e9r\u00e9gie 514 299-3210 | www.GPHM.ca <\/p>\n\n\n\n<p><\/p>\n\n\n\n<p><\/p>\n\n\n<h2 style=\"text-align: center;\"><\/h2>\n<h2 style=\"text-align: center;\"><strong>Ensemble, nous y arriverons!<\/strong><\/h2>\n<p style=\"text-align: left;\">Bienvenue sur le site du Groupe de Partage pour Hommes de la Mont\u00e9r\u00e9gie! Le GPHM est un organisme \u00e0 but non lucratif form\u00e9 enti\u00e8rement de b\u00e9n\u00e9voles qui ont \u00e0 c\u0153ur la cause des hommes et ce, depuis plus de 20 ans.<\/p>\n<p style=\"text-align: left;\">\u00c0 l\u2019image du fondateur, M. Normant Legros, ces b\u00e9n\u00e9voles, qui se sont succ\u00e9d\u00e9s au fil du temps, s\u2019activent \u00e0 aider les hommes \u00e0 acqu\u00e9rir une meilleure compr\u00e9hension de leurs \u00e9motions, \u00e0 ressentir moins de pression pour en arriver \u00e0 se sentir mieux dans leur peau, plus sereins et am\u00e9liorer ainsi leur qualit\u00e9 de vie.<\/p>\n<p style=\"text-align: left;\">Le GPHM offre des rencontres d\u2019\u00e9change et de partage ainsi que de discussions sur des th\u00e8mes choisis selon la perception qu\u2019aura l\u2019animateur des besoins exprim\u00e9s par les participants. \u00a0Ces rencontres se font \u00e0 raison d\u2019une fois par semaine sous la supervision d\u2019un animateur attentif et bienveillant. \u00a0Nous n\u2019avons nullement la pr\u00e9tention de dire que ces rencontres de partage sont des s\u00e9ances de th\u00e9rapie; elles ne remplaceront jamais une d\u00e9marche th\u00e9rapeutique entreprise individuellement aupr\u00e8s d\u2019un professionnel. \u00a0Toutefois, nous croyons que parler, exprimer son mal-\u00eatre repr\u00e9sente un premier pas vers le mieux-\u00eatre et la paix int\u00e9rieure.<\/p>\n<p style=\"text-align: left;\"><a href=\"https:\/\/gphm.ca\/fr\/sample-page\/image-3\/\" rel=\"attachment wp-att-1888\"><img loading=\"lazy\" decoding=\"async\" class=\"size-full wp-image-1888 aligncenter\" src=\"https:\/\/gphm.ca\/fr\/wp-content\/uploads\/2024\/12\/image-3.jpg\" alt=\"\" width=\"276\" height=\"183\" \/><\/a><\/p>\n<p>&nbsp;<\/p>\n<p style=\"text-align: left;\"><strong>\u00c0 tous ceux qui d\u00e9sirent partager avec d\u2019autres hommes ou tout simplement discuter des tracas de leur quotidien, le Groupe de Partage pour Hommes de la Mont\u00e9r\u00e9gie vous annonce que les r\u00e9unions ont repris depuis mardi le 9 septembre 2025 afin de vous permettre de discuter en toute s\u00e9curit\u00e9 et sans jugement.<\/strong><\/p>\n<p style=\"text-align: left;\"><strong>Pour de plus amples informations, communiquez avec nous au 514-299-3210 ou par l\u2019entremise de notre site internet.\u00a0\u00a0<\/strong><\/p>\n<p style=\"text-align: left;\">Les rencontres auront lieu \u00e0 Boucherville\u00a0 les mardis et mercredis,\u00a0 de 19h \u00e0 21h30. Les frais pour la participation sont de <strong>20$ pour l\u2019adh\u00e9sion<\/strong> et de <strong>10$ volontaire par pr\u00e9sence\u00a0 aux ateliers<\/strong>.<\/p>\n<p style=\"text-align: left;\">Pour les ateliers du mercredi \u00e0 Boucherville, les conjointes sont les bienvenues.<\/p>\n<p><span style=\"color: #000000;\">Pour plus d&rsquo;informations, contactez-nous:<\/span><br \/>\n<span style=\"color: #000000;\">&gt;En message priv\u00e9, sur notre <strong><a style=\"color: #000000;\" href=\"https:\/\/www.facebook.com\/groupepartagehommes\/\" target=\"_blank\" rel=\"noopener\">page Facebook<\/a><\/strong><\/span><br \/>\n<span style=\"color: #000000;\">&gt;514 299-3210<\/span><br \/>\n<span style=\"color: #000000;\">&gt;<a href=\"mailto:information@gphm.ca\">information@gphm.ca<\/a><\/span><\/p>\n<p>&nbsp;<\/p>\n<h2><strong><em>Pour en conna\u00eetre davantage sur le GPHM, nous vous invitons fortement \u00e0 consulter notre \u00ab\u00a0Document de pr\u00e9sentation 2025-2026\u00a0\u00bb.<\/em><\/strong><\/h2>\n<ul>\n<li><strong><a href=\"https:\/\/gphm.ca\/fr\/wp-content\/uploads\/2025\/09\/H_brochure-GPHM-Final.pdf\" target=\"_blank\" rel=\"noopener\">Document de pr\u00e9sentation GPHM 2025 recto-verso-pdf<\/a><\/strong><\/li>\n<\/ul>\n<p><a href=\"https:\/\/gphm.ca\/fr\/wp-content\/uploads\/2025\/09\/gphm.jpg\"><img loading=\"lazy\" decoding=\"async\" class=\" wp-image-2208 aligncenter\" src=\"https:\/\/gphm.ca\/fr\/wp-content\/uploads\/2025\/09\/gphm-234x300.jpg\" alt=\"\" width=\"285\" height=\"365\" srcset=\"https:\/\/gphm.ca\/fr\/wp-content\/uploads\/2025\/09\/gphm-234x300.jpg 234w, https:\/\/gphm.ca\/fr\/wp-content\/uploads\/2025\/09\/gphm.jpg 321w\" sizes=\"auto, (max-width: 285px) 100vw, 285px\" \/><\/a><\/p>\n<p>&nbsp;<\/p>\n<h2><strong><a href=\"https:\/\/gphm.ca\/fr\/archive-des-entrevues\/\">Archive des entrevues<\/a><\/strong><\/h2>\n<h4 style=\"text-align: left;\"><a href=\"https:\/\/www.lareleve.qc.ca\/archives\/2024-09-24\/\">Un article paru dans un journal local La Rel\u00e8ve 24 septembre 2024<\/a><\/h4>\n<p><a href=\"https:\/\/www.lareleve.qc.ca\/archives\/2024-09-24\/\"><img loading=\"lazy\" decoding=\"async\" class=\"alignnone size-medium wp-image-1655\" src=\"https:\/\/gphm.ca\/fr\/wp-content\/uploads\/2024\/10\/Article_Real_Houl_La_Releve-300x227.jpg\" alt=\"\" width=\"300\" height=\"227\" srcset=\"https:\/\/gphm.ca\/fr\/wp-content\/uploads\/2024\/10\/Article_Real_Houl_La_Releve-300x227.jpg 300w, https:\/\/gphm.ca\/fr\/wp-content\/uploads\/2024\/10\/Article_Real_Houl_La_Releve-768x581.jpg 768w, https:\/\/gphm.ca\/fr\/wp-content\/uploads\/2024\/10\/Article_Real_Houl_La_Releve-1024x775.jpg 1024w, https:\/\/gphm.ca\/fr\/wp-content\/uploads\/2024\/10\/Article_Real_Houl_La_Releve.jpg 1083w\" sizes=\"auto, (max-width: 300px) 100vw, 300px\" \/><\/a><\/p>\n<h3>Le GPHM est toujours \u00e0 la recherche d&rsquo;animateurs<\/h3>","protected":false},"excerpt":{"rendered":"<p>Groupe de partage pour hommes de la Mont\u00e9r\u00e9gie 514 299-3210 | www.GPHM.ca Ensemble, nous y arriverons! Bienvenue sur le site du Groupe de Partage pour Hommes de la Mont\u00e9r\u00e9gie! Le GPHM est un organisme \u00e0 but non lucratif form\u00e9 enti\u00e8rement de b\u00e9n\u00e9voles qui ont \u00e0 c\u0153ur la cause des hommes et ce, depuis plus de [&hellip;]<\/p>\n","protected":false},"author":1,"featured_media":0,"parent":0,"menu_order":5,"comment_status":"closed","ping_status":"open","template":"","meta":{"footnotes":""},"class_list":["post-2","page","type-page","status-publish","hentry"],"yoast_head":"<!-- This site is optimized with the Yoast SEO plugin v26.6 - https:\/\/yoast.com\/wordpress\/plugins\/seo\/ -->\n<title>Groupe de partage pour hommes<\/title>\n<meta name=\"description\" content=\"Les hommes ressentent le besoin de s\u2019exprimer Exprimer ses \u00e9motions et ses besoins Conflits dans le couple Difficult\u00e9s avec enfants Entrevue Sophie Durocher\" \/>\n<meta name=\"robots\" content=\"index, follow, max-snippet:-1, max-image-preview:large, max-video-preview:-1\" \/>\n<link rel=\"canonical\" href=\"https:\/\/gphm.ca\/fr\/\" \/>\n<meta property=\"og:locale\" content=\"fr_FR\" \/>\n<meta property=\"og:type\" content=\"article\" \/>\n<meta property=\"og:title\" content=\"Groupe de partage pour hommes\" \/>\n<meta property=\"og:description\" content=\"Les hommes ressentent le besoin de s\u2019exprimer Exprimer ses \u00e9motions et ses besoins Conflits dans le couple Difficult\u00e9s avec enfants Entrevue Sophie Durocher\" \/>\n<meta property=\"og:url\" content=\"https:\/\/gphm.ca\/fr\/\" \/>\n<meta property=\"og:site_name\" content=\"Groupe de partage\" \/>\n<meta property=\"article:modified_time\" content=\"2026-02-10T14:44:22+00:00\" \/>\n<meta property=\"og:image\" content=\"https:\/\/gphm.ca\/fr\/wp-content\/uploads\/2024\/12\/image-3.jpg\" \/>\n\t<meta property=\"og:image:width\" content=\"276\" \/>\n\t<meta property=\"og:image:height\" content=\"183\" \/>\n\t<meta property=\"og:image:type\" content=\"image\/jpeg\" \/>\n<meta name=\"twitter:card\" content=\"summary_large_image\" \/>\n<meta name=\"twitter:label1\" content=\"Dur\u00e9e de lecture estim\u00e9e\" \/>\n\t<meta name=\"twitter:data1\" content=\"3 minutes\" \/>\n<script type=\"application\/ld+json\" class=\"yoast-schema-graph\">{\"@context\":\"https:\/\/schema.org\",\"@graph\":[{\"@type\":\"WebPage\",\"@id\":\"https:\/\/gphm.ca\/fr\/\",\"url\":\"https:\/\/gphm.ca\/fr\/\",\"name\":\"Groupe de partage pour hommes\",\"isPartOf\":{\"@id\":\"https:\/\/gphm.ca\/fr\/#website\"},\"primaryImageOfPage\":{\"@id\":\"https:\/\/gphm.ca\/fr\/#primaryimage\"},\"image\":{\"@id\":\"https:\/\/gphm.ca\/fr\/#primaryimage\"},\"thumbnailUrl\":\"https:\/\/gphm.ca\/fr\/wp-content\/uploads\/2024\/12\/image-3.jpg\",\"datePublished\":\"2012-10-29T16:16:04+00:00\",\"dateModified\":\"2026-02-10T14:44:22+00:00\",\"description\":\"Les hommes ressentent le besoin de s\u2019exprimer Exprimer ses \u00e9motions et ses besoins Conflits dans le couple Difficult\u00e9s avec enfants Entrevue Sophie Durocher\",\"breadcrumb\":{\"@id\":\"https:\/\/gphm.ca\/fr\/#breadcrumb\"},\"inLanguage\":\"fr-FR\",\"potentialAction\":[{\"@type\":\"ReadAction\",\"target\":[\"https:\/\/gphm.ca\/fr\/\"]}]},{\"@type\":\"ImageObject\",\"inLanguage\":\"fr-FR\",\"@id\":\"https:\/\/gphm.ca\/fr\/#primaryimage\",\"url\":\"https:\/\/gphm.ca\/fr\/wp-content\/uploads\/2024\/12\/image-3.jpg\",\"contentUrl\":\"https:\/\/gphm.ca\/fr\/wp-content\/uploads\/2024\/12\/image-3.jpg\",\"width\":276,\"height\":183},{\"@type\":\"BreadcrumbList\",\"@id\":\"https:\/\/gphm.ca\/fr\/#breadcrumb\",\"itemListElement\":[{\"@type\":\"ListItem\",\"position\":1,\"name\":\"Home\",\"item\":\"https:\/\/gphm.ca\/fr\/\"},{\"@type\":\"ListItem\",\"position\":2,\"name\":\"Accueil &#8211; hommes\"}]},{\"@type\":\"WebSite\",\"@id\":\"https:\/\/gphm.ca\/fr\/#website\",\"url\":\"https:\/\/gphm.ca\/fr\/\",\"name\":\"Groupe de partage\",\"description\":\"Aide pour hommes en Mont\u00e9r\u00e9gie\",\"publisher\":{\"@id\":\"https:\/\/gphm.ca\/fr\/#organization\"},\"potentialAction\":[{\"@type\":\"SearchAction\",\"target\":{\"@type\":\"EntryPoint\",\"urlTemplate\":\"https:\/\/gphm.ca\/fr\/?s={search_term_string}\"},\"query-input\":{\"@type\":\"PropertyValueSpecification\",\"valueRequired\":true,\"valueName\":\"search_term_string\"}}],\"inLanguage\":\"fr-FR\"},{\"@type\":\"Organization\",\"@id\":\"https:\/\/gphm.ca\/fr\/#organization\",\"name\":\"Groupe de Partage pou Hommes de la Mont\u00e9r\u00e9gie\",\"url\":\"https:\/\/gphm.ca\/fr\/\",\"logo\":{\"@type\":\"ImageObject\",\"inLanguage\":\"fr-FR\",\"@id\":\"https:\/\/gphm.ca\/fr\/#\/schema\/logo\/image\/\",\"url\":\"https:\/\/gphm.ca\/fr\/wp-content\/uploads\/2014\/06\/LOGO-gphm-compact-web2.png\",\"contentUrl\":\"https:\/\/gphm.ca\/fr\/wp-content\/uploads\/2014\/06\/LOGO-gphm-compact-web2.png\",\"width\":598,\"height\":273,\"caption\":\"Groupe de Partage pou Hommes de la Mont\u00e9r\u00e9gie\"},\"image\":{\"@id\":\"https:\/\/gphm.ca\/fr\/#\/schema\/logo\/image\/\"}}]}<\/script>\n<!-- \/ Yoast SEO plugin. -->","yoast_head_json":{"title":"Groupe de partage pour hommes","description":"Les hommes ressentent le besoin de s\u2019exprimer Exprimer ses \u00e9motions et ses besoins Conflits dans le couple Difficult\u00e9s avec enfants Entrevue Sophie Durocher","robots":{"index":"index","follow":"follow","max-snippet":"max-snippet:-1","max-image-preview":"max-image-preview:large","max-video-preview":"max-video-preview:-1"},"canonical":"https:\/\/gphm.ca\/fr\/","og_locale":"fr_FR","og_type":"article","og_title":"Groupe de partage pour hommes","og_description":"Les hommes ressentent le besoin de s\u2019exprimer Exprimer ses \u00e9motions et ses besoins Conflits dans le couple Difficult\u00e9s avec enfants Entrevue Sophie Durocher","og_url":"https:\/\/gphm.ca\/fr\/","og_site_name":"Groupe de partage","article_modified_time":"2026-02-10T14:44:22+00:00","og_image":[{"width":276,"height":183,"url":"https:\/\/gphm.ca\/fr\/wp-content\/uploads\/2024\/12\/image-3.jpg","type":"image\/jpeg"}],"twitter_card":"summary_large_image","twitter_misc":{"Dur\u00e9e de lecture estim\u00e9e":"3 minutes"},"schema":{"@context":"https:\/\/schema.org","@graph":[{"@type":"WebPage","@id":"https:\/\/gphm.ca\/fr\/","url":"https:\/\/gphm.ca\/fr\/","name":"Groupe de partage pour hommes","isPartOf":{"@id":"https:\/\/gphm.ca\/fr\/#website"},"primaryImageOfPage":{"@id":"https:\/\/gphm.ca\/fr\/#primaryimage"},"image":{"@id":"https:\/\/gphm.ca\/fr\/#primaryimage"},"thumbnailUrl":"https:\/\/gphm.ca\/fr\/wp-content\/uploads\/2024\/12\/image-3.jpg","datePublished":"2012-10-29T16:16:04+00:00","dateModified":"2026-02-10T14:44:22+00:00","description":"Les hommes ressentent le besoin de s\u2019exprimer Exprimer ses \u00e9motions et ses besoins Conflits dans le couple Difficult\u00e9s avec enfants Entrevue Sophie Durocher","breadcrumb":{"@id":"https:\/\/gphm.ca\/fr\/#breadcrumb"},"inLanguage":"fr-FR","potentialAction":[{"@type":"ReadAction","target":["https:\/\/gphm.ca\/fr\/"]}]},{"@type":"ImageObject","inLanguage":"fr-FR","@id":"https:\/\/gphm.ca\/fr\/#primaryimage","url":"https:\/\/gphm.ca\/fr\/wp-content\/uploads\/2024\/12\/image-3.jpg","contentUrl":"https:\/\/gphm.ca\/fr\/wp-content\/uploads\/2024\/12\/image-3.jpg","width":276,"height":183},{"@type":"BreadcrumbList","@id":"https:\/\/gphm.ca\/fr\/#breadcrumb","itemListElement":[{"@type":"ListItem","position":1,"name":"Home","item":"https:\/\/gphm.ca\/fr\/"},{"@type":"ListItem","position":2,"name":"Accueil &#8211; hommes"}]},{"@type":"WebSite","@id":"https:\/\/gphm.ca\/fr\/#website","url":"https:\/\/gphm.ca\/fr\/","name":"Groupe de partage","description":"Aide pour hommes en Mont\u00e9r\u00e9gie","publisher":{"@id":"https:\/\/gphm.ca\/fr\/#organization"},"potentialAction":[{"@type":"SearchAction","target":{"@type":"EntryPoint","urlTemplate":"https:\/\/gphm.ca\/fr\/?s={search_term_string}"},"query-input":{"@type":"PropertyValueSpecification","valueRequired":true,"valueName":"search_term_string"}}],"inLanguage":"fr-FR"},{"@type":"Organization","@id":"https:\/\/gphm.ca\/fr\/#organization","name":"Groupe de Partage pou Hommes de la Mont\u00e9r\u00e9gie","url":"https:\/\/gphm.ca\/fr\/","logo":{"@type":"ImageObject","inLanguage":"fr-FR","@id":"https:\/\/gphm.ca\/fr\/#\/schema\/logo\/image\/","url":"https:\/\/gphm.ca\/fr\/wp-content\/uploads\/2014\/06\/LOGO-gphm-compact-web2.png","contentUrl":"https:\/\/gphm.ca\/fr\/wp-content\/uploads\/2014\/06\/LOGO-gphm-compact-web2.png","width":598,"height":273,"caption":"Groupe de Partage pou Hommes de la Mont\u00e9r\u00e9gie"},"image":{"@id":"https:\/\/gphm.ca\/fr\/#\/schema\/logo\/image\/"}}]}},"_links":{"self":[{"href":"https:\/\/gphm.ca\/fr\/wp-json\/wp\/v2\/pages\/2","targetHints":{"allow":["GET"]}}],"collection":[{"href":"https:\/\/gphm.ca\/fr\/wp-json\/wp\/v2\/pages"}],"about":[{"href":"https:\/\/gphm.ca\/fr\/wp-json\/wp\/v2\/types\/page"}],"author":[{"embeddable":true,"href":"https:\/\/gphm.ca\/fr\/wp-json\/wp\/v2\/users\/1"}],"replies":[{"embeddable":true,"href":"https:\/\/gphm.ca\/fr\/wp-json\/wp\/v2\/comments?post=2"}],"version-history":[{"count":87,"href":"https:\/\/gphm.ca\/fr\/wp-json\/wp\/v2\/pages\/2\/revisions"}],"predecessor-version":[{"id":2390,"href":"https:\/\/gphm.ca\/fr\/wp-json\/wp\/v2\/pages\/2\/revisions\/2390"}],"wp:attachment":[{"href":"https:\/\/gphm.ca\/fr\/wp-json\/wp\/v2\/media?parent=2"}],"curies":[{"name":"wp","href":"https:\/\/api.w.org\/{rel}","templated":true}]}}