{"id":1683,"date":"2024-12-05T15:48:51","date_gmt":"2024-12-05T20:48:51","guid":{"rendered":"https:\/\/gphm.ca\/fr\/?page_id=1683"},"modified":"2024-12-05T15:48:51","modified_gmt":"2024-12-05T20:48:51","slug":"archive-des-entrevues","status":"publish","type":"page","link":"https:\/\/gphm.ca\/fr\/archive-des-entrevues\/","title":{"rendered":"Archive des entrevues"},"content":{"rendered":"<h2><strong>Archive des entrevues<\/strong><\/h2>\n<p>&nbsp;<\/p>\n<h2><\/h2>\n<h2><a href=\"https:\/\/gphm.ca\/fr\/wp-content\/uploads\/2012\/10\/Entrevue_2018-03-07_Entrevue-GPHM-FM-103-3.mp3\" target=\"_blank\" rel=\"noopener\">Entrevue du\u00a0<strong>7\u00a0mars 2018<\/strong>\u00a0sur l&rsquo;aide pour les Hommes, avec Charles Gaudreau.<\/a><\/h2>\n<p><a href=\"https:\/\/gphm.ca\/fr\/wp-content\/uploads\/2012\/10\/Entrevue_2018-03-07_Entrevue-GPHM-FM-103-3.mp3\" target=\"_blank\" rel=\"noopener\"><img loading=\"lazy\" decoding=\"async\" class=\"alignnone wp-image-902 size-thumbnail\" src=\"https:\/\/gphm.ca\/fr\/wp-content\/uploads\/2012\/10\/103-3-150x140.png\" alt=\"FM 103-3\" width=\"150\" height=\"140\" \/><\/a><\/p>\n<h2><a href=\"https:\/\/gphm.ca\/fr\/wp-content\/uploads\/2018\/02\/20180213_CFEL-FM_Groupedepartage-2.mp3\" target=\"_blank\" rel=\"noopener\">Entrevue du 13 f\u00e9vrier 2018, avec Sophie Durocher, sur le financement des organismes d&rsquo;aide pour les hommes.<\/a><\/h2>\n<p><a href=\"https:\/\/gphm.ca\/fr\/wp-content\/uploads\/2018\/02\/20180213_CFEL-FM_Groupedepartage-2.mp3\" target=\"_blank\" rel=\"noopener\"><img loading=\"lazy\" decoding=\"async\" class=\"alignnone wp-image-1046\" src=\"https:\/\/gphm.ca\/fr\/wp-content\/uploads\/2012\/10\/Logo_BLVD102.1_Hor_Vert_rvb-300x217.jpg\" alt=\"Entrevue - Sophie Durocher\" width=\"150\" height=\"108\" srcset=\"https:\/\/gphm.ca\/fr\/wp-content\/uploads\/2012\/10\/Logo_BLVD102.1_Hor_Vert_rvb-300x217.jpg 300w, https:\/\/gphm.ca\/fr\/wp-content\/uploads\/2012\/10\/Logo_BLVD102.1_Hor_Vert_rvb.jpg 807w\" sizes=\"auto, (max-width: 150px) 100vw, 150px\" \/><\/a><\/p>\n<h2><a href=\"https:\/\/gphm.ca\/fr\/wp-content\/uploads\/2017\/11\/Entrevue-GPHM-17-nov-17_FM-1033.mp3\" target=\"_blank\" rel=\"noopener\">Entrevue du\u00a0<strong>17 novembre\u00a02017<\/strong>\u00a0sur la pr\u00e9sentation du film The Red Pill par le GPHM, avec Charles Gaudreau.<\/a><\/h2>\n<p><a href=\"https:\/\/gphm.ca\/fr\/wp-content\/uploads\/2017\/11\/Entrevue-GPHM-17-nov-17_FM-1033.mp3\" target=\"_blank\" rel=\"noopener\"><img loading=\"lazy\" decoding=\"async\" class=\"alignnone wp-image-902 size-thumbnail\" src=\"https:\/\/gphm.ca\/fr\/wp-content\/uploads\/2012\/10\/103-3-150x140.png\" alt=\"FM 103-3\" width=\"150\" height=\"140\" \/><\/a><\/p>\n<h2><a href=\"https:\/\/gphm.ca\/fr\/wp-content\/uploads\/2017\/09\/Entrevue_2017-09-15_Entrevue-GPHM-FM-103-3.mp3\" target=\"_blank\" rel=\"noopener\">Entrevue du <strong>15 septembre\u00a02017<\/strong> sur le GPHM avec Charles Gaudreau.<\/a><\/h2>\n<p><a href=\"https:\/\/gphm.ca\/fr\/wp-content\/uploads\/2017\/09\/Entrevue_2017-09-15_Entrevue-GPHM-FM-103-3.mp3\" target=\"_blank\" rel=\"noopener\"><img loading=\"lazy\" decoding=\"async\" class=\"alignnone wp-image-902 size-thumbnail\" src=\"https:\/\/gphm.ca\/fr\/wp-content\/uploads\/2012\/10\/103-3-150x140.png\" alt=\"FM 103-3\" width=\"150\" height=\"140\" \/><\/a><\/p>\n<h2><a href=\"https:\/\/gphm.ca\/fr\/?attachment_id=905\" target=\"_blank\" rel=\"noopener\">Entrevue du <strong>9 juin 2017<\/strong> sur le GPHM avec Charles Gaudreau.<\/a><\/h2>\n<p><a href=\"https:\/\/gphm.ca\/fr\/?attachment_id=905\" target=\"_blank\" rel=\"noopener\"><img loading=\"lazy\" decoding=\"async\" class=\"alignnone wp-image-902 size-thumbnail\" src=\"https:\/\/gphm.ca\/fr\/wp-content\/uploads\/2012\/10\/103-3-150x140.png\" alt=\"\" width=\"150\" height=\"140\" \/><\/a><\/p>\n<p>Reportage \u00e0 l&rsquo;\u00e9mission Montr\u00e9alit\u00e9 sur\u00a0<a href=\"http:\/\/bcove.me\/08xo8jvc\"><img loading=\"lazy\" decoding=\"async\" class=\" wp-image-704 alignnone\" src=\"https:\/\/gphm.ca\/fr\/wp-content\/uploads\/2012\/10\/MAtv.png\" alt=\"MAtv\" width=\"101\" height=\"34\" srcset=\"https:\/\/gphm.ca\/fr\/wp-content\/uploads\/2012\/10\/MAtv.png 201w, https:\/\/gphm.ca\/fr\/wp-content\/uploads\/2012\/10\/MAtv-200x68.png 200w\" sizes=\"auto, (max-width: 101px) 100vw, 101px\" \/><\/a><\/p>\n<p>&nbsp;<\/p>\n<p><a href=\"http:\/\/bcove.me\/08xo8jvc\"><img loading=\"lazy\" decoding=\"async\" class=\"alignnone wp-image-705 size-full\" src=\"https:\/\/gphm.ca\/fr\/wp-content\/uploads\/2012\/10\/Montrealite.png\" alt=\"Montrealite\" width=\"317\" height=\"218\" srcset=\"https:\/\/gphm.ca\/fr\/wp-content\/uploads\/2012\/10\/Montrealite.png 317w, https:\/\/gphm.ca\/fr\/wp-content\/uploads\/2012\/10\/Montrealite-300x206.png 300w\" sizes=\"auto, (max-width: 317px) 100vw, 317px\" \/><\/a><\/p>\n<p>&nbsp;<\/p>\n<p>Un article paru dans un journal local le 3 juin 2015.<\/p>\n<h4 style=\"text-align: left;\"><a href=\"https:\/\/gphm.ca\/fr\/wp-content\/uploads\/2012\/10\/20150603LaSeigneurie_colloque2.pdf\" target=\"_blank\" rel=\"noopener\">Des outils aux intervenants travaillant aupr\u00e8s d&rsquo;hommes en difficult\u00e9s<\/a><\/h4>\n<h4 style=\"text-align: left;\"><a href=\"https:\/\/www.lareleve.qc.ca\/archives\/2024-09-24\/\">Un article paru dans un journal local La Rel\u00e8ve 24 septembre 2024<\/a><\/h4>\n<p><a href=\"https:\/\/www.lareleve.qc.ca\/archives\/2024-09-24\/\"><img loading=\"lazy\" decoding=\"async\" class=\"alignnone size-medium wp-image-1655\" src=\"https:\/\/gphm.ca\/fr\/wp-content\/uploads\/2024\/10\/Article_Real_Houl_La_Releve-300x227.jpg\" alt=\"\" width=\"300\" height=\"227\" srcset=\"https:\/\/gphm.ca\/fr\/wp-content\/uploads\/2024\/10\/Article_Real_Houl_La_Releve-300x227.jpg 300w, https:\/\/gphm.ca\/fr\/wp-content\/uploads\/2024\/10\/Article_Real_Houl_La_Releve-768x581.jpg 768w, https:\/\/gphm.ca\/fr\/wp-content\/uploads\/2024\/10\/Article_Real_Houl_La_Releve-1024x775.jpg 1024w, https:\/\/gphm.ca\/fr\/wp-content\/uploads\/2024\/10\/Article_Real_Houl_La_Releve.jpg 1083w\" sizes=\"auto, (max-width: 300px) 100vw, 300px\" \/><\/a><\/p>\n","protected":false},"excerpt":{"rendered":"<p>Archive des entrevues &nbsp; Entrevue du\u00a07\u00a0mars 2018\u00a0sur l&rsquo;aide pour les Hommes, avec Charles Gaudreau. Entrevue du 13 f\u00e9vrier 2018, avec Sophie Durocher, sur le financement des organismes d&rsquo;aide pour les hommes. Entrevue du\u00a017 novembre\u00a02017\u00a0sur la pr\u00e9sentation du film The Red Pill par le GPHM, avec Charles Gaudreau. Entrevue du 15 septembre\u00a02017 sur le GPHM avec [&hellip;]<\/p>\n","protected":false},"author":4,"featured_media":0,"parent":0,"menu_order":1,"comment_status":"closed","ping_status":"closed","template":"","meta":{"footnotes":""},"class_list":["post-1683","page","type-page","status-publish","hentry"],"yoast_head":"<!-- This site is optimized with the Yoast SEO plugin v26.6 - https:\/\/yoast.com\/wordpress\/plugins\/seo\/ -->\n<title>Archive des entrevues - Groupe de partage<\/title>\n<meta name=\"robots\" content=\"index, follow, max-snippet:-1, max-image-preview:large, max-video-preview:-1\" \/>\n<link rel=\"canonical\" href=\"https:\/\/gphm.ca\/fr\/archive-des-entrevues\/\" \/>\n<meta property=\"og:locale\" content=\"fr_FR\" \/>\n<meta property=\"og:type\" content=\"article\" \/>\n<meta property=\"og:title\" content=\"Archive des entrevues - Groupe de partage\" \/>\n<meta property=\"og:description\" content=\"Archive des entrevues &nbsp; Entrevue du\u00a07\u00a0mars 2018\u00a0sur l&rsquo;aide pour les Hommes, avec Charles Gaudreau. Entrevue du 13 f\u00e9vrier 2018, avec Sophie Durocher, sur le financement des organismes d&rsquo;aide pour les hommes. Entrevue du\u00a017 novembre\u00a02017\u00a0sur la pr\u00e9sentation du film The Red Pill par le GPHM, avec Charles Gaudreau. Entrevue du 15 septembre\u00a02017 sur le GPHM avec [&hellip;]\" \/>\n<meta property=\"og:url\" content=\"https:\/\/gphm.ca\/fr\/archive-des-entrevues\/\" \/>\n<meta property=\"og:site_name\" content=\"Groupe de partage\" \/>\n<meta property=\"og:image\" content=\"https:\/\/gphm.ca\/fr\/wp-content\/uploads\/2012\/10\/103-3.png\" \/>\n\t<meta property=\"og:image:width\" content=\"260\" \/>\n\t<meta property=\"og:image:height\" content=\"140\" \/>\n\t<meta property=\"og:image:type\" content=\"image\/png\" \/>\n<meta name=\"twitter:card\" content=\"summary_large_image\" \/>\n<meta name=\"twitter:label1\" content=\"Dur\u00e9e de lecture estim\u00e9e\" \/>\n\t<meta name=\"twitter:data1\" content=\"1 minute\" \/>\n<script type=\"application\/ld+json\" class=\"yoast-schema-graph\">{\"@context\":\"https:\/\/schema.org\",\"@graph\":[{\"@type\":\"WebPage\",\"@id\":\"https:\/\/gphm.ca\/fr\/archive-des-entrevues\/\",\"url\":\"https:\/\/gphm.ca\/fr\/archive-des-entrevues\/\",\"name\":\"Archive des entrevues - Groupe de partage\",\"isPartOf\":{\"@id\":\"https:\/\/gphm.ca\/fr\/#website\"},\"primaryImageOfPage\":{\"@id\":\"https:\/\/gphm.ca\/fr\/archive-des-entrevues\/#primaryimage\"},\"image\":{\"@id\":\"https:\/\/gphm.ca\/fr\/archive-des-entrevues\/#primaryimage\"},\"thumbnailUrl\":\"https:\/\/gphm.ca\/fr\/wp-content\/uploads\/2012\/10\/103-3-150x140.png\",\"datePublished\":\"2024-12-05T20:48:51+00:00\",\"breadcrumb\":{\"@id\":\"https:\/\/gphm.ca\/fr\/archive-des-entrevues\/#breadcrumb\"},\"inLanguage\":\"fr-FR\",\"potentialAction\":[{\"@type\":\"ReadAction\",\"target\":[\"https:\/\/gphm.ca\/fr\/archive-des-entrevues\/\"]}]},{\"@type\":\"ImageObject\",\"inLanguage\":\"fr-FR\",\"@id\":\"https:\/\/gphm.ca\/fr\/archive-des-entrevues\/#primaryimage\",\"url\":\"https:\/\/gphm.ca\/fr\/wp-content\/uploads\/2012\/10\/103-3.png\",\"contentUrl\":\"https:\/\/gphm.ca\/fr\/wp-content\/uploads\/2012\/10\/103-3.png\",\"width\":260,\"height\":140},{\"@type\":\"BreadcrumbList\",\"@id\":\"https:\/\/gphm.ca\/fr\/archive-des-entrevues\/#breadcrumb\",\"itemListElement\":[{\"@type\":\"ListItem\",\"position\":1,\"name\":\"Home\",\"item\":\"https:\/\/gphm.ca\/fr\/\"},{\"@type\":\"ListItem\",\"position\":2,\"name\":\"Archive des entrevues\"}]},{\"@type\":\"WebSite\",\"@id\":\"https:\/\/gphm.ca\/fr\/#website\",\"url\":\"https:\/\/gphm.ca\/fr\/\",\"name\":\"Groupe de partage\",\"description\":\"Aide pour hommes en Mont\u00e9r\u00e9gie\",\"publisher\":{\"@id\":\"https:\/\/gphm.ca\/fr\/#organization\"},\"potentialAction\":[{\"@type\":\"SearchAction\",\"target\":{\"@type\":\"EntryPoint\",\"urlTemplate\":\"https:\/\/gphm.ca\/fr\/?s={search_term_string}\"},\"query-input\":{\"@type\":\"PropertyValueSpecification\",\"valueRequired\":true,\"valueName\":\"search_term_string\"}}],\"inLanguage\":\"fr-FR\"},{\"@type\":\"Organization\",\"@id\":\"https:\/\/gphm.ca\/fr\/#organization\",\"name\":\"Groupe de Partage pou Hommes de la Mont\u00e9r\u00e9gie\",\"url\":\"https:\/\/gphm.ca\/fr\/\",\"logo\":{\"@type\":\"ImageObject\",\"inLanguage\":\"fr-FR\",\"@id\":\"https:\/\/gphm.ca\/fr\/#\/schema\/logo\/image\/\",\"url\":\"https:\/\/gphm.ca\/fr\/wp-content\/uploads\/2014\/06\/LOGO-gphm-compact-web2.png\",\"contentUrl\":\"https:\/\/gphm.ca\/fr\/wp-content\/uploads\/2014\/06\/LOGO-gphm-compact-web2.png\",\"width\":598,\"height\":273,\"caption\":\"Groupe de Partage pou Hommes de la Mont\u00e9r\u00e9gie\"},\"image\":{\"@id\":\"https:\/\/gphm.ca\/fr\/#\/schema\/logo\/image\/\"}}]}<\/script>\n<!-- \/ Yoast SEO plugin. -->","yoast_head_json":{"title":"Archive des entrevues - Groupe de partage","robots":{"index":"index","follow":"follow","max-snippet":"max-snippet:-1","max-image-preview":"max-image-preview:large","max-video-preview":"max-video-preview:-1"},"canonical":"https:\/\/gphm.ca\/fr\/archive-des-entrevues\/","og_locale":"fr_FR","og_type":"article","og_title":"Archive des entrevues - Groupe de partage","og_description":"Archive des entrevues &nbsp; Entrevue du\u00a07\u00a0mars 2018\u00a0sur l&rsquo;aide pour les Hommes, avec Charles Gaudreau. Entrevue du 13 f\u00e9vrier 2018, avec Sophie Durocher, sur le financement des organismes d&rsquo;aide pour les hommes. Entrevue du\u00a017 novembre\u00a02017\u00a0sur la pr\u00e9sentation du film The Red Pill par le GPHM, avec Charles Gaudreau. Entrevue du 15 septembre\u00a02017 sur le GPHM avec [&hellip;]","og_url":"https:\/\/gphm.ca\/fr\/archive-des-entrevues\/","og_site_name":"Groupe de partage","og_image":[{"width":260,"height":140,"url":"https:\/\/gphm.ca\/fr\/wp-content\/uploads\/2012\/10\/103-3.png","type":"image\/png"}],"twitter_card":"summary_large_image","twitter_misc":{"Dur\u00e9e de lecture estim\u00e9e":"1 minute"},"schema":{"@context":"https:\/\/schema.org","@graph":[{"@type":"WebPage","@id":"https:\/\/gphm.ca\/fr\/archive-des-entrevues\/","url":"https:\/\/gphm.ca\/fr\/archive-des-entrevues\/","name":"Archive des entrevues - Groupe de partage","isPartOf":{"@id":"https:\/\/gphm.ca\/fr\/#website"},"primaryImageOfPage":{"@id":"https:\/\/gphm.ca\/fr\/archive-des-entrevues\/#primaryimage"},"image":{"@id":"https:\/\/gphm.ca\/fr\/archive-des-entrevues\/#primaryimage"},"thumbnailUrl":"https:\/\/gphm.ca\/fr\/wp-content\/uploads\/2012\/10\/103-3-150x140.png","datePublished":"2024-12-05T20:48:51+00:00","breadcrumb":{"@id":"https:\/\/gphm.ca\/fr\/archive-des-entrevues\/#breadcrumb"},"inLanguage":"fr-FR","potentialAction":[{"@type":"ReadAction","target":["https:\/\/gphm.ca\/fr\/archive-des-entrevues\/"]}]},{"@type":"ImageObject","inLanguage":"fr-FR","@id":"https:\/\/gphm.ca\/fr\/archive-des-entrevues\/#primaryimage","url":"https:\/\/gphm.ca\/fr\/wp-content\/uploads\/2012\/10\/103-3.png","contentUrl":"https:\/\/gphm.ca\/fr\/wp-content\/uploads\/2012\/10\/103-3.png","width":260,"height":140},{"@type":"BreadcrumbList","@id":"https:\/\/gphm.ca\/fr\/archive-des-entrevues\/#breadcrumb","itemListElement":[{"@type":"ListItem","position":1,"name":"Home","item":"https:\/\/gphm.ca\/fr\/"},{"@type":"ListItem","position":2,"name":"Archive des entrevues"}]},{"@type":"WebSite","@id":"https:\/\/gphm.ca\/fr\/#website","url":"https:\/\/gphm.ca\/fr\/","name":"Groupe de partage","description":"Aide pour hommes en Mont\u00e9r\u00e9gie","publisher":{"@id":"https:\/\/gphm.ca\/fr\/#organization"},"potentialAction":[{"@type":"SearchAction","target":{"@type":"EntryPoint","urlTemplate":"https:\/\/gphm.ca\/fr\/?s={search_term_string}"},"query-input":{"@type":"PropertyValueSpecification","valueRequired":true,"valueName":"search_term_string"}}],"inLanguage":"fr-FR"},{"@type":"Organization","@id":"https:\/\/gphm.ca\/fr\/#organization","name":"Groupe de Partage pou Hommes de la Mont\u00e9r\u00e9gie","url":"https:\/\/gphm.ca\/fr\/","logo":{"@type":"ImageObject","inLanguage":"fr-FR","@id":"https:\/\/gphm.ca\/fr\/#\/schema\/logo\/image\/","url":"https:\/\/gphm.ca\/fr\/wp-content\/uploads\/2014\/06\/LOGO-gphm-compact-web2.png","contentUrl":"https:\/\/gphm.ca\/fr\/wp-content\/uploads\/2014\/06\/LOGO-gphm-compact-web2.png","width":598,"height":273,"caption":"Groupe de Partage pou Hommes de la Mont\u00e9r\u00e9gie"},"image":{"@id":"https:\/\/gphm.ca\/fr\/#\/schema\/logo\/image\/"}}]}},"_links":{"self":[{"href":"https:\/\/gphm.ca\/fr\/wp-json\/wp\/v2\/pages\/1683","targetHints":{"allow":["GET"]}}],"collection":[{"href":"https:\/\/gphm.ca\/fr\/wp-json\/wp\/v2\/pages"}],"about":[{"href":"https:\/\/gphm.ca\/fr\/wp-json\/wp\/v2\/types\/page"}],"author":[{"embeddable":true,"href":"https:\/\/gphm.ca\/fr\/wp-json\/wp\/v2\/users\/4"}],"replies":[{"embeddable":true,"href":"https:\/\/gphm.ca\/fr\/wp-json\/wp\/v2\/comments?post=1683"}],"version-history":[{"count":1,"href":"https:\/\/gphm.ca\/fr\/wp-json\/wp\/v2\/pages\/1683\/revisions"}],"predecessor-version":[{"id":1684,"href":"https:\/\/gphm.ca\/fr\/wp-json\/wp\/v2\/pages\/1683\/revisions\/1684"}],"wp:attachment":[{"href":"https:\/\/gphm.ca\/fr\/wp-json\/wp\/v2\/media?parent=1683"}],"curies":[{"name":"wp","href":"https:\/\/api.w.org\/{rel}","templated":true}]}}