{"id":14,"date":"2012-10-29T16:51:25","date_gmt":"2012-10-29T20:51:25","guid":{"rendered":"https:\/\/gphm.ca\/fr\/?page_id=14"},"modified":"2017-11-11T12:06:39","modified_gmt":"2017-11-11T17:06:39","slug":"historique","status":"publish","type":"page","link":"https:\/\/gphm.ca\/fr\/historique\/","title":{"rendered":"L&rsquo;historique"},"content":{"rendered":"<p><script>\/\/ <![CDATA[\n(function(i,s,o,g,r,a,m){i['GoogleAnalyticsObject']=r;i[r]=i[r]||function(){\n  (i[r].q=i[r].q||[]).push(arguments)},i[r].l=1*new Date();a=s.createElement(o),\n  m=s.getElementsByTagName(o)[0];a.async=1;a.src=g;m.parentNode.insertBefore(a,m)\n  })(window,document,'script','\/\/www.google-analytics.com\/analytics.js','ga');\n\n  ga('create', 'UA-51905816-1', 'auto');\n  ga('send', 'pageview');\n\/\/ ]]><\/script><\/p>\n<p style=\"text-align: left;\" align=\"center\"><strong>Pr\u00e9sentation du Fondateur, M. Normand Legros<\/strong><\/p>\n<dl id=\"attachment_793\" class=\"wp-caption alignleft\" style=\"width: 210px;\">\n<dt class=\"wp-caption-dt\"><img loading=\"lazy\" decoding=\"async\" class=\"alignleft wp-image-793\" src=\"https:\/\/gphm.ca\/fr\/wp-content\/uploads\/2012\/10\/NormandLegros-300x300.jpg\" alt=\"annonce d\u00e9c\u00e8s Normand Legros\" width=\"200\" height=\"200\" srcset=\"https:\/\/gphm.ca\/fr\/wp-content\/uploads\/2012\/10\/NormandLegros-300x300.jpg 300w, https:\/\/gphm.ca\/fr\/wp-content\/uploads\/2012\/10\/NormandLegros-150x150.jpg 150w, https:\/\/gphm.ca\/fr\/wp-content\/uploads\/2012\/10\/NormandLegros.jpg 580w\" sizes=\"auto, (max-width: 200px) 100vw, 200px\" \/><\/dt>\n<\/dl>\n<h2><\/h2>\n<p>&nbsp;<\/p>\n<h3>Le GPHM est en deuil.<\/h3>\n<h4>Notre fondateur, Normand Legros,<\/h4>\n<h4>est d\u00e9c\u00e9d\u00e9 le 17 octobre 2016.<\/h4>\n<h6><\/h6>\n<h6><\/h6>\n<h6><\/h6>\n<p>&nbsp;<\/p>\n<h3><span style=\"color: #008000;\">Voici un texte qu&rsquo;il nous a laiss\u00e9 et qu&rsquo;il a \u00e9crit en 2002.<\/span><\/h3>\n<p>\u00ab La vie m&rsquo;a amen\u00e9 \u00e0 m\u2019int\u00e9resser \u00e0 l\u2019entraide pour les hommes, il y a maintenant plus de 14 ans.<\/p>\n<p align=\"justify\">En 1999, mon int\u00e9r\u00eat croissant m\u2019a donn\u00e9 le dynamisme n\u00e9cessaire afin de cr\u00e9er l\u2019organisme \u00ab Groupe de partage pour Hommes de la Mont\u00e9r\u00e9gie \u00bb. Je fus fortement appuy\u00e9 des gens de l\u2019\u00e9quipe de Pastorale de la Paroisse St-Louis de Boucherville.<\/p>\n<p align=\"justify\">J\u2019ai ainsi form\u00e9 mon premier groupe de partage pour hommes en 1999 au centre communautaire fort St-Louis. Depuis ce temps nous nous r\u00e9unissons tous les mercredis soir \u00e0 Boucherville.<\/p>\n<p align=\"justify\">En janvier et en septembre 2001, deux autres groupes ont vu le jour dont un deuxi\u00e8me \u00e0 Boucherville et un autre \u00e0 St-Julie. Un quatri\u00e8me groupe a \u00e9t\u00e9 form\u00e9 \u00e9galement \u00e0 St-Hyacinthe.<\/p>\n<p align=\"justify\">Pr\u00e9sentement nous exploitons cinq centres dont celui de Brossard, Boucherville, St-Hyacinthe, Varennes et un autre \u00e0 Longueuil.<\/p>\n<p align=\"justify\">Nos hommes nous proviennent des CLSC et de plusieurs organismes nous parrainant dans la r\u00e9gion et ayant une attention particuli\u00e8re \u00e0 la cause des hommes. Plusieurs hommes ont \u00e9galement joint notre association ayant \u00e9t\u00e9 suffisamment intrigu\u00e9e par nos brochures, d&rsquo;autre par nos petites annonces dans les journaux locaux ainsi que par le bouche \u00e0 oreille qui est un moyen dr\u00f4lement efficace.<\/p>\n<p align=\"justify\">Notre r\u00e9cente pr\u00e9sente sur le Web pourra fortement am\u00e9liorer le sort de plusieurs hommes en difficult\u00e9.<\/p>\n<p align=\"justify\">C&rsquo;est bien en analysant le r\u00e9sultat de la compilation des pr\u00e9sences hebdomadaires que je vois tout le chemin que nous avons fait. Nous sommes donc en mesure de dire, que la pr\u00e9sence assidue des hommes \u00e0 nos rencontres est en nette progression et elle elle vraiment plus significative depuis 2001. En effet, plus de 3100 pr\u00e9sences d&rsquo;hommes ont \u00e9t\u00e9 not\u00e9es depuis lors.<\/p>\n<p align=\"justify\">Ceci atteste inconditionnellement qu&rsquo;il y a un besoin de plus en plus croissant dans l&rsquo;entraide pour les hommes. Ceux-ci d\u00e9sirant partager et s&rsquo;exprimer sans jugement, en toute libert\u00e9 tout en \u00e9tant assur\u00e9s d\u00e8s le d\u00e9part d\u2019\u00eatre accueillis comme telle.<\/p>\n<p align=\"justify\">Notre seule lacune en ce moment est le manque criant de financement nous permettant d&rsquo;aider encore plus d&rsquo;hommes avec un plus grand nombre de groupes hebdomadaires.<\/p>\n<p align=\"justify\">Nous sommes fiers de mentionner le travail assidu de tous nos b\u00e9n\u00e9voles qui, semaine apr\u00e8s semaine, sont au travail afin de supporter ces nombreuses rencontres. Puisque ces rencontres n\u00e9cessitent comme vous pouvez l\u2019imaginer, une somme de travail, de disponibilit\u00e9 et d\u2019\u00e9nergie tr\u00e8s consid\u00e9rable.<\/p>\n<p align=\"justify\">\u00c9tant officiellement un organisme de bienfaisance \u00e0 but non-lucratif depuis mai 2004, nous r\u00e9alisons que nous devrons aller chercher des fonds afin de nous permettre d\u2019aider davantage les hommes en difficult\u00e9, dont le nombre cro\u00eet de plus en plus \u00e0 chaque ann\u00e9e. \u00bb<\/p>\n<p align=\"justify\">Respectueusement,<\/p>\n<p align=\"justify\">Normand Legros<\/p>\n<p align=\"justify\">Fondateur du Groupe de Partage pour hommes de la Mont\u00e9r\u00e9gie<img loading=\"lazy\" decoding=\"async\" class=\"size-full wp-image-29 alignright\" title=\"n__legros\" src=\"https:\/\/gphm.ca\/fr\/wp-content\/uploads\/2012\/10\/n__legros.png\" alt=\"\" width=\"207\" height=\"212\" srcset=\"https:\/\/gphm.ca\/fr\/wp-content\/uploads\/2012\/10\/n__legros.png 207w, https:\/\/gphm.ca\/fr\/wp-content\/uploads\/2012\/10\/n__legros-45x45.png 45w\" sizes=\"auto, (max-width: 207px) 100vw, 207px\" \/><\/p>\n","protected":false},"excerpt":{"rendered":"<p>Pr\u00e9sentation du Fondateur, M. Normand Legros &nbsp; Le GPHM est en deuil. Notre fondateur, Normand Legros, est d\u00e9c\u00e9d\u00e9 le 17 octobre 2016. &nbsp; Voici un texte qu&rsquo;il nous a laiss\u00e9 et qu&rsquo;il a \u00e9crit en 2002. \u00ab La vie m&rsquo;a amen\u00e9 \u00e0 m\u2019int\u00e9resser \u00e0 l\u2019entraide pour les hommes, il y a maintenant plus de 14 [&hellip;]<\/p>\n","protected":false},"author":1,"featured_media":0,"parent":0,"menu_order":5,"comment_status":"closed","ping_status":"open","template":"","meta":{"footnotes":""},"class_list":["post-14","page","type-page","status-publish","hentry"],"yoast_head":"<!-- This site is optimized with the Yoast SEO plugin v26.6 - https:\/\/yoast.com\/wordpress\/plugins\/seo\/ -->\n<title>L&#039;historique - Groupe de partage<\/title>\n<meta name=\"robots\" content=\"index, follow, max-snippet:-1, max-image-preview:large, max-video-preview:-1\" \/>\n<link rel=\"canonical\" href=\"https:\/\/gphm.ca\/fr\/historique\/\" \/>\n<meta property=\"og:locale\" content=\"fr_FR\" \/>\n<meta property=\"og:type\" content=\"article\" \/>\n<meta property=\"og:title\" content=\"L&#039;historique - Groupe de partage\" \/>\n<meta property=\"og:description\" content=\"Pr\u00e9sentation du Fondateur, M. Normand Legros &nbsp; Le GPHM est en deuil. Notre fondateur, Normand Legros, est d\u00e9c\u00e9d\u00e9 le 17 octobre 2016. &nbsp; Voici un texte qu&rsquo;il nous a laiss\u00e9 et qu&rsquo;il a \u00e9crit en 2002. \u00ab La vie m&rsquo;a amen\u00e9 \u00e0 m\u2019int\u00e9resser \u00e0 l\u2019entraide pour les hommes, il y a maintenant plus de 14 [&hellip;]\" \/>\n<meta property=\"og:url\" content=\"https:\/\/gphm.ca\/fr\/historique\/\" \/>\n<meta property=\"og:site_name\" content=\"Groupe de partage\" \/>\n<meta property=\"article:modified_time\" content=\"2017-11-11T17:06:39+00:00\" \/>\n<meta property=\"og:image\" content=\"https:\/\/gphm.ca\/fr\/wp-content\/uploads\/2012\/10\/NormandLegros.jpg\" \/>\n\t<meta property=\"og:image:width\" content=\"580\" \/>\n\t<meta property=\"og:image:height\" content=\"580\" \/>\n\t<meta property=\"og:image:type\" content=\"image\/jpeg\" \/>\n<meta name=\"twitter:card\" content=\"summary_large_image\" \/>\n<meta name=\"twitter:label1\" content=\"Dur\u00e9e de lecture estim\u00e9e\" \/>\n\t<meta name=\"twitter:data1\" content=\"3 minutes\" \/>\n<script type=\"application\/ld+json\" class=\"yoast-schema-graph\">{\"@context\":\"https:\/\/schema.org\",\"@graph\":[{\"@type\":\"WebPage\",\"@id\":\"https:\/\/gphm.ca\/fr\/historique\/\",\"url\":\"https:\/\/gphm.ca\/fr\/historique\/\",\"name\":\"L'historique - Groupe de partage\",\"isPartOf\":{\"@id\":\"https:\/\/gphm.ca\/fr\/#website\"},\"primaryImageOfPage\":{\"@id\":\"https:\/\/gphm.ca\/fr\/historique\/#primaryimage\"},\"image\":{\"@id\":\"https:\/\/gphm.ca\/fr\/historique\/#primaryimage\"},\"thumbnailUrl\":\"https:\/\/gphm.ca\/fr\/wp-content\/uploads\/2012\/10\/NormandLegros-300x300.jpg\",\"datePublished\":\"2012-10-29T20:51:25+00:00\",\"dateModified\":\"2017-11-11T17:06:39+00:00\",\"breadcrumb\":{\"@id\":\"https:\/\/gphm.ca\/fr\/historique\/#breadcrumb\"},\"inLanguage\":\"fr-FR\",\"potentialAction\":[{\"@type\":\"ReadAction\",\"target\":[\"https:\/\/gphm.ca\/fr\/historique\/\"]}]},{\"@type\":\"ImageObject\",\"inLanguage\":\"fr-FR\",\"@id\":\"https:\/\/gphm.ca\/fr\/historique\/#primaryimage\",\"url\":\"https:\/\/gphm.ca\/fr\/wp-content\/uploads\/2012\/10\/NormandLegros.jpg\",\"contentUrl\":\"https:\/\/gphm.ca\/fr\/wp-content\/uploads\/2012\/10\/NormandLegros.jpg\",\"width\":580,\"height\":580,\"caption\":\"annonce d\u00e9c\u00e8s Normand Legros\"},{\"@type\":\"BreadcrumbList\",\"@id\":\"https:\/\/gphm.ca\/fr\/historique\/#breadcrumb\",\"itemListElement\":[{\"@type\":\"ListItem\",\"position\":1,\"name\":\"Home\",\"item\":\"https:\/\/gphm.ca\/fr\/\"},{\"@type\":\"ListItem\",\"position\":2,\"name\":\"L&rsquo;historique\"}]},{\"@type\":\"WebSite\",\"@id\":\"https:\/\/gphm.ca\/fr\/#website\",\"url\":\"https:\/\/gphm.ca\/fr\/\",\"name\":\"Groupe de partage\",\"description\":\"Aide pour hommes en Mont\u00e9r\u00e9gie\",\"publisher\":{\"@id\":\"https:\/\/gphm.ca\/fr\/#organization\"},\"potentialAction\":[{\"@type\":\"SearchAction\",\"target\":{\"@type\":\"EntryPoint\",\"urlTemplate\":\"https:\/\/gphm.ca\/fr\/?s={search_term_string}\"},\"query-input\":{\"@type\":\"PropertyValueSpecification\",\"valueRequired\":true,\"valueName\":\"search_term_string\"}}],\"inLanguage\":\"fr-FR\"},{\"@type\":\"Organization\",\"@id\":\"https:\/\/gphm.ca\/fr\/#organization\",\"name\":\"Groupe de Partage pou Hommes de la Mont\u00e9r\u00e9gie\",\"url\":\"https:\/\/gphm.ca\/fr\/\",\"logo\":{\"@type\":\"ImageObject\",\"inLanguage\":\"fr-FR\",\"@id\":\"https:\/\/gphm.ca\/fr\/#\/schema\/logo\/image\/\",\"url\":\"https:\/\/gphm.ca\/fr\/wp-content\/uploads\/2014\/06\/LOGO-gphm-compact-web2.png\",\"contentUrl\":\"https:\/\/gphm.ca\/fr\/wp-content\/uploads\/2014\/06\/LOGO-gphm-compact-web2.png\",\"width\":598,\"height\":273,\"caption\":\"Groupe de Partage pou Hommes de la Mont\u00e9r\u00e9gie\"},\"image\":{\"@id\":\"https:\/\/gphm.ca\/fr\/#\/schema\/logo\/image\/\"}}]}<\/script>\n<!-- \/ Yoast SEO plugin. -->","yoast_head_json":{"title":"L'historique - Groupe de partage","robots":{"index":"index","follow":"follow","max-snippet":"max-snippet:-1","max-image-preview":"max-image-preview:large","max-video-preview":"max-video-preview:-1"},"canonical":"https:\/\/gphm.ca\/fr\/historique\/","og_locale":"fr_FR","og_type":"article","og_title":"L'historique - Groupe de partage","og_description":"Pr\u00e9sentation du Fondateur, M. Normand Legros &nbsp; Le GPHM est en deuil. Notre fondateur, Normand Legros, est d\u00e9c\u00e9d\u00e9 le 17 octobre 2016. &nbsp; Voici un texte qu&rsquo;il nous a laiss\u00e9 et qu&rsquo;il a \u00e9crit en 2002. \u00ab La vie m&rsquo;a amen\u00e9 \u00e0 m\u2019int\u00e9resser \u00e0 l\u2019entraide pour les hommes, il y a maintenant plus de 14 [&hellip;]","og_url":"https:\/\/gphm.ca\/fr\/historique\/","og_site_name":"Groupe de partage","article_modified_time":"2017-11-11T17:06:39+00:00","og_image":[{"width":580,"height":580,"url":"https:\/\/gphm.ca\/fr\/wp-content\/uploads\/2012\/10\/NormandLegros.jpg","type":"image\/jpeg"}],"twitter_card":"summary_large_image","twitter_misc":{"Dur\u00e9e de lecture estim\u00e9e":"3 minutes"},"schema":{"@context":"https:\/\/schema.org","@graph":[{"@type":"WebPage","@id":"https:\/\/gphm.ca\/fr\/historique\/","url":"https:\/\/gphm.ca\/fr\/historique\/","name":"L'historique - Groupe de partage","isPartOf":{"@id":"https:\/\/gphm.ca\/fr\/#website"},"primaryImageOfPage":{"@id":"https:\/\/gphm.ca\/fr\/historique\/#primaryimage"},"image":{"@id":"https:\/\/gphm.ca\/fr\/historique\/#primaryimage"},"thumbnailUrl":"https:\/\/gphm.ca\/fr\/wp-content\/uploads\/2012\/10\/NormandLegros-300x300.jpg","datePublished":"2012-10-29T20:51:25+00:00","dateModified":"2017-11-11T17:06:39+00:00","breadcrumb":{"@id":"https:\/\/gphm.ca\/fr\/historique\/#breadcrumb"},"inLanguage":"fr-FR","potentialAction":[{"@type":"ReadAction","target":["https:\/\/gphm.ca\/fr\/historique\/"]}]},{"@type":"ImageObject","inLanguage":"fr-FR","@id":"https:\/\/gphm.ca\/fr\/historique\/#primaryimage","url":"https:\/\/gphm.ca\/fr\/wp-content\/uploads\/2012\/10\/NormandLegros.jpg","contentUrl":"https:\/\/gphm.ca\/fr\/wp-content\/uploads\/2012\/10\/NormandLegros.jpg","width":580,"height":580,"caption":"annonce d\u00e9c\u00e8s Normand Legros"},{"@type":"BreadcrumbList","@id":"https:\/\/gphm.ca\/fr\/historique\/#breadcrumb","itemListElement":[{"@type":"ListItem","position":1,"name":"Home","item":"https:\/\/gphm.ca\/fr\/"},{"@type":"ListItem","position":2,"name":"L&rsquo;historique"}]},{"@type":"WebSite","@id":"https:\/\/gphm.ca\/fr\/#website","url":"https:\/\/gphm.ca\/fr\/","name":"Groupe de partage","description":"Aide pour hommes en Mont\u00e9r\u00e9gie","publisher":{"@id":"https:\/\/gphm.ca\/fr\/#organization"},"potentialAction":[{"@type":"SearchAction","target":{"@type":"EntryPoint","urlTemplate":"https:\/\/gphm.ca\/fr\/?s={search_term_string}"},"query-input":{"@type":"PropertyValueSpecification","valueRequired":true,"valueName":"search_term_string"}}],"inLanguage":"fr-FR"},{"@type":"Organization","@id":"https:\/\/gphm.ca\/fr\/#organization","name":"Groupe de Partage pou Hommes de la Mont\u00e9r\u00e9gie","url":"https:\/\/gphm.ca\/fr\/","logo":{"@type":"ImageObject","inLanguage":"fr-FR","@id":"https:\/\/gphm.ca\/fr\/#\/schema\/logo\/image\/","url":"https:\/\/gphm.ca\/fr\/wp-content\/uploads\/2014\/06\/LOGO-gphm-compact-web2.png","contentUrl":"https:\/\/gphm.ca\/fr\/wp-content\/uploads\/2014\/06\/LOGO-gphm-compact-web2.png","width":598,"height":273,"caption":"Groupe de Partage pou Hommes de la Mont\u00e9r\u00e9gie"},"image":{"@id":"https:\/\/gphm.ca\/fr\/#\/schema\/logo\/image\/"}}]}},"_links":{"self":[{"href":"https:\/\/gphm.ca\/fr\/wp-json\/wp\/v2\/pages\/14","targetHints":{"allow":["GET"]}}],"collection":[{"href":"https:\/\/gphm.ca\/fr\/wp-json\/wp\/v2\/pages"}],"about":[{"href":"https:\/\/gphm.ca\/fr\/wp-json\/wp\/v2\/types\/page"}],"author":[{"embeddable":true,"href":"https:\/\/gphm.ca\/fr\/wp-json\/wp\/v2\/users\/1"}],"replies":[{"embeddable":true,"href":"https:\/\/gphm.ca\/fr\/wp-json\/wp\/v2\/comments?post=14"}],"version-history":[{"count":1,"href":"https:\/\/gphm.ca\/fr\/wp-json\/wp\/v2\/pages\/14\/revisions"}],"predecessor-version":[{"id":1966,"href":"https:\/\/gphm.ca\/fr\/wp-json\/wp\/v2\/pages\/14\/revisions\/1966"}],"wp:attachment":[{"href":"https:\/\/gphm.ca\/fr\/wp-json\/wp\/v2\/media?parent=14"}],"curies":[{"name":"wp","href":"https:\/\/api.w.org\/{rel}","templated":true}]}}