{"id":134,"date":"2012-10-29T18:09:12","date_gmt":"2012-10-29T22:09:12","guid":{"rendered":"https:\/\/gphm.ca\/fr\/?page_id=134"},"modified":"2025-09-22T14:24:13","modified_gmt":"2025-09-22T19:24:13","slug":"articles-de-presse","status":"publish","type":"page","link":"https:\/\/gphm.ca\/fr\/articles-de-presse\/","title":{"rendered":"Articles de presse"},"content":{"rendered":"<h4><a href=\"https:\/\/www.lareleve.qc.ca\/archives\/2024-09-24\/\">Un article paru dans un journal local La Rel\u00e8ve 24 septembre 2024<\/a><\/h4>\n<p><a href=\"https:\/\/gphm.ca\/fr\/sample-page\/article_real_houl_la_releve\/\" rel=\"attachment wp-att-1655\"><img loading=\"lazy\" decoding=\"async\" class=\"alignnone size-medium wp-image-1655\" src=\"https:\/\/gphm.ca\/fr\/wp-content\/uploads\/2024\/10\/Article_Real_Houl_La_Releve-300x227.jpg\" alt=\"\" width=\"300\" height=\"227\" srcset=\"https:\/\/gphm.ca\/fr\/wp-content\/uploads\/2024\/10\/Article_Real_Houl_La_Releve-300x227.jpg 300w, https:\/\/gphm.ca\/fr\/wp-content\/uploads\/2024\/10\/Article_Real_Houl_La_Releve-768x581.jpg 768w, https:\/\/gphm.ca\/fr\/wp-content\/uploads\/2024\/10\/Article_Real_Houl_La_Releve-1024x775.jpg 1024w, https:\/\/gphm.ca\/fr\/wp-content\/uploads\/2024\/10\/Article_Real_Houl_La_Releve.jpg 1083w\" sizes=\"auto, (max-width: 300px) 100vw, 300px\" \/><\/a><a href=\"https:\/\/gphm.ca\/fr\/wp-content\/uploads\/2018\/03\/20180206-La-releve-RealHoule.png\" target=\"_blank\" rel=\"noopener\">Article paru le 6 f\u00e9vrier 201<\/a><\/p>\n<p>&nbsp;<\/p>\n<p><a href=\"https:\/\/gphm.ca\/fr\/wp-content\/uploads\/2018\/03\/20180206-La-releve-RealHoule.png\" target=\"_blank\" rel=\"noopener\">8, Journal La Rel\u00e8ve<\/a><\/p>\n<p>&nbsp;<\/p>\n<p><a href=\"https:\/\/gphm.ca\/fr\/wp-content\/uploads\/2017\/05\/2017_Article-GPHM.pdf\" target=\"_blank\" rel=\"noopener\">Article paru en mars 2017, Journal Le Canada Fran\u00e7ais<\/a><\/p>\n<p>&nbsp;<\/p>\n<p><a title=\"3 juin 2015 - article sur le colloque GPHM\" href=\"https:\/\/gphm.ca\/fr\/wp-content\/uploads\/2012\/10\/20150603LaSeigneurie_colloque2.pdf\" target=\"_blank\" rel=\"noopener\">Article paru le 3 juin\u00a02015, Journal La Seigneurie, \u00a0no.23<\/a><\/p>\n<p>&nbsp;<\/p>\n<p>&nbsp;<\/p>\n<p><img loading=\"lazy\" decoding=\"async\" class=\"alignnone size-full wp-image-135\" title=\"presse\" src=\"https:\/\/gphm.ca\/fr\/wp-content\/uploads\/2012\/10\/presse1.png\" alt=\"\" width=\"250\" height=\"201\" \/><\/p>\n<ul>\n<li><a href=\"https:\/\/gphm.ca\/fr\/wp-content\/uploads\/2012\/10\/journal_dec13082.pdf\">Communiqu\u00e9 du 13 d\u00e9cembre 2008<\/a><\/li>\n<li><a href=\"https:\/\/gphm.ca\/fr\/wp-content\/uploads\/2012\/10\/17_nov_20071.pdf\">Communiqu\u00e9 17 novembre 2007<\/a><\/li>\n<li><a href=\"https:\/\/gphm.ca\/fr\/wp-content\/uploads\/2012\/10\/juin_20071.pdf\">Communiqu\u00e9 juin\u00a02007<\/a><\/li>\n<li><a href=\"https:\/\/gphm.ca\/fr\/wp-content\/uploads\/2012\/10\/26_fev_20071.pdf\">Communiqu\u00e9 du 26 f\u00e9vrier 2007<\/a><\/li>\n<li><a href=\"https:\/\/gphm.ca\/fr\/wp-content\/uploads\/2012\/10\/Chronique_2710091.pdf\">Article sur la violence faite aux hommes<\/a><\/li>\n<\/ul>\n<p>&nbsp;<\/p>\n<p><span style=\"color: #ff9900;\"><strong>La grandeur de l&rsquo;ego<\/strong><\/span><br \/>\n<span style=\"color: #ff9900;\"> <strong>est inversement proportionnelle<\/strong><\/span><br \/>\n<span style=\"color: #ff9900;\"> <strong>\u00e0 la grandeur de l&rsquo;estime de soi.<\/strong><\/span><\/p>\n<p><strong>anonyme<\/strong><\/p>\n<p>&nbsp;<\/p>\n","protected":false},"excerpt":{"rendered":"<p>Un article paru dans un journal local La Rel\u00e8ve 24 septembre 2024 Article paru le 6 f\u00e9vrier 201 &nbsp; 8, Journal La Rel\u00e8ve &nbsp; Article paru en mars 2017, Journal Le Canada Fran\u00e7ais &nbsp; Article paru le 3 juin\u00a02015, Journal La Seigneurie, \u00a0no.23 &nbsp; &nbsp; Communiqu\u00e9 du 13 d\u00e9cembre 2008 Communiqu\u00e9 17 novembre 2007 Communiqu\u00e9 [&hellip;]<\/p>\n","protected":false},"author":1,"featured_media":0,"parent":0,"menu_order":6,"comment_status":"closed","ping_status":"open","template":"","meta":{"footnotes":""},"class_list":["post-134","page","type-page","status-publish","hentry"],"yoast_head":"<!-- This site is optimized with the Yoast SEO plugin v26.6 - https:\/\/yoast.com\/wordpress\/plugins\/seo\/ -->\n<title>Articles de presse - Groupe de partage<\/title>\n<meta name=\"robots\" content=\"index, follow, max-snippet:-1, max-image-preview:large, max-video-preview:-1\" \/>\n<link rel=\"canonical\" href=\"https:\/\/gphm.ca\/fr\/articles-de-presse\/\" \/>\n<meta property=\"og:locale\" content=\"fr_FR\" \/>\n<meta property=\"og:type\" content=\"article\" \/>\n<meta property=\"og:title\" content=\"Articles de presse - Groupe de partage\" \/>\n<meta property=\"og:description\" content=\"Un article paru dans un journal local La Rel\u00e8ve 24 septembre 2024 Article paru le 6 f\u00e9vrier 201 &nbsp; 8, Journal La Rel\u00e8ve &nbsp; Article paru en mars 2017, Journal Le Canada Fran\u00e7ais &nbsp; Article paru le 3 juin\u00a02015, Journal La Seigneurie, \u00a0no.23 &nbsp; &nbsp; Communiqu\u00e9 du 13 d\u00e9cembre 2008 Communiqu\u00e9 17 novembre 2007 Communiqu\u00e9 [&hellip;]\" \/>\n<meta property=\"og:url\" content=\"https:\/\/gphm.ca\/fr\/articles-de-presse\/\" \/>\n<meta property=\"og:site_name\" content=\"Groupe de partage\" \/>\n<meta property=\"article:modified_time\" content=\"2025-09-22T19:24:13+00:00\" \/>\n<meta property=\"og:image\" content=\"https:\/\/gphm.ca\/fr\/wp-content\/uploads\/2024\/10\/Article_Real_Houl_La_Releve.jpg\" \/>\n\t<meta property=\"og:image:width\" content=\"1083\" \/>\n\t<meta property=\"og:image:height\" content=\"820\" \/>\n\t<meta property=\"og:image:type\" content=\"image\/jpeg\" \/>\n<meta name=\"twitter:card\" content=\"summary_large_image\" \/>\n<script type=\"application\/ld+json\" class=\"yoast-schema-graph\">{\"@context\":\"https:\/\/schema.org\",\"@graph\":[{\"@type\":\"WebPage\",\"@id\":\"https:\/\/gphm.ca\/fr\/articles-de-presse\/\",\"url\":\"https:\/\/gphm.ca\/fr\/articles-de-presse\/\",\"name\":\"Articles de presse - Groupe de partage\",\"isPartOf\":{\"@id\":\"https:\/\/gphm.ca\/fr\/#website\"},\"primaryImageOfPage\":{\"@id\":\"https:\/\/gphm.ca\/fr\/articles-de-presse\/#primaryimage\"},\"image\":{\"@id\":\"https:\/\/gphm.ca\/fr\/articles-de-presse\/#primaryimage\"},\"thumbnailUrl\":\"https:\/\/gphm.ca\/fr\/wp-content\/uploads\/2024\/10\/Article_Real_Houl_La_Releve-300x227.jpg\",\"datePublished\":\"2012-10-29T22:09:12+00:00\",\"dateModified\":\"2025-09-22T19:24:13+00:00\",\"breadcrumb\":{\"@id\":\"https:\/\/gphm.ca\/fr\/articles-de-presse\/#breadcrumb\"},\"inLanguage\":\"fr-FR\",\"potentialAction\":[{\"@type\":\"ReadAction\",\"target\":[\"https:\/\/gphm.ca\/fr\/articles-de-presse\/\"]}]},{\"@type\":\"ImageObject\",\"inLanguage\":\"fr-FR\",\"@id\":\"https:\/\/gphm.ca\/fr\/articles-de-presse\/#primaryimage\",\"url\":\"https:\/\/gphm.ca\/fr\/wp-content\/uploads\/2024\/10\/Article_Real_Houl_La_Releve.jpg\",\"contentUrl\":\"https:\/\/gphm.ca\/fr\/wp-content\/uploads\/2024\/10\/Article_Real_Houl_La_Releve.jpg\",\"width\":1083,\"height\":820},{\"@type\":\"BreadcrumbList\",\"@id\":\"https:\/\/gphm.ca\/fr\/articles-de-presse\/#breadcrumb\",\"itemListElement\":[{\"@type\":\"ListItem\",\"position\":1,\"name\":\"Home\",\"item\":\"https:\/\/gphm.ca\/fr\/\"},{\"@type\":\"ListItem\",\"position\":2,\"name\":\"Articles de presse\"}]},{\"@type\":\"WebSite\",\"@id\":\"https:\/\/gphm.ca\/fr\/#website\",\"url\":\"https:\/\/gphm.ca\/fr\/\",\"name\":\"Groupe de partage\",\"description\":\"Aide pour hommes en Mont\u00e9r\u00e9gie\",\"publisher\":{\"@id\":\"https:\/\/gphm.ca\/fr\/#organization\"},\"potentialAction\":[{\"@type\":\"SearchAction\",\"target\":{\"@type\":\"EntryPoint\",\"urlTemplate\":\"https:\/\/gphm.ca\/fr\/?s={search_term_string}\"},\"query-input\":{\"@type\":\"PropertyValueSpecification\",\"valueRequired\":true,\"valueName\":\"search_term_string\"}}],\"inLanguage\":\"fr-FR\"},{\"@type\":\"Organization\",\"@id\":\"https:\/\/gphm.ca\/fr\/#organization\",\"name\":\"Groupe de Partage pou Hommes de la Mont\u00e9r\u00e9gie\",\"url\":\"https:\/\/gphm.ca\/fr\/\",\"logo\":{\"@type\":\"ImageObject\",\"inLanguage\":\"fr-FR\",\"@id\":\"https:\/\/gphm.ca\/fr\/#\/schema\/logo\/image\/\",\"url\":\"https:\/\/gphm.ca\/fr\/wp-content\/uploads\/2014\/06\/LOGO-gphm-compact-web2.png\",\"contentUrl\":\"https:\/\/gphm.ca\/fr\/wp-content\/uploads\/2014\/06\/LOGO-gphm-compact-web2.png\",\"width\":598,\"height\":273,\"caption\":\"Groupe de Partage pou Hommes de la Mont\u00e9r\u00e9gie\"},\"image\":{\"@id\":\"https:\/\/gphm.ca\/fr\/#\/schema\/logo\/image\/\"}}]}<\/script>\n<!-- \/ Yoast SEO plugin. -->","yoast_head_json":{"title":"Articles de presse - Groupe de partage","robots":{"index":"index","follow":"follow","max-snippet":"max-snippet:-1","max-image-preview":"max-image-preview:large","max-video-preview":"max-video-preview:-1"},"canonical":"https:\/\/gphm.ca\/fr\/articles-de-presse\/","og_locale":"fr_FR","og_type":"article","og_title":"Articles de presse - Groupe de partage","og_description":"Un article paru dans un journal local La Rel\u00e8ve 24 septembre 2024 Article paru le 6 f\u00e9vrier 201 &nbsp; 8, Journal La Rel\u00e8ve &nbsp; Article paru en mars 2017, Journal Le Canada Fran\u00e7ais &nbsp; Article paru le 3 juin\u00a02015, Journal La Seigneurie, \u00a0no.23 &nbsp; &nbsp; Communiqu\u00e9 du 13 d\u00e9cembre 2008 Communiqu\u00e9 17 novembre 2007 Communiqu\u00e9 [&hellip;]","og_url":"https:\/\/gphm.ca\/fr\/articles-de-presse\/","og_site_name":"Groupe de partage","article_modified_time":"2025-09-22T19:24:13+00:00","og_image":[{"width":1083,"height":820,"url":"https:\/\/gphm.ca\/fr\/wp-content\/uploads\/2024\/10\/Article_Real_Houl_La_Releve.jpg","type":"image\/jpeg"}],"twitter_card":"summary_large_image","schema":{"@context":"https:\/\/schema.org","@graph":[{"@type":"WebPage","@id":"https:\/\/gphm.ca\/fr\/articles-de-presse\/","url":"https:\/\/gphm.ca\/fr\/articles-de-presse\/","name":"Articles de presse - Groupe de partage","isPartOf":{"@id":"https:\/\/gphm.ca\/fr\/#website"},"primaryImageOfPage":{"@id":"https:\/\/gphm.ca\/fr\/articles-de-presse\/#primaryimage"},"image":{"@id":"https:\/\/gphm.ca\/fr\/articles-de-presse\/#primaryimage"},"thumbnailUrl":"https:\/\/gphm.ca\/fr\/wp-content\/uploads\/2024\/10\/Article_Real_Houl_La_Releve-300x227.jpg","datePublished":"2012-10-29T22:09:12+00:00","dateModified":"2025-09-22T19:24:13+00:00","breadcrumb":{"@id":"https:\/\/gphm.ca\/fr\/articles-de-presse\/#breadcrumb"},"inLanguage":"fr-FR","potentialAction":[{"@type":"ReadAction","target":["https:\/\/gphm.ca\/fr\/articles-de-presse\/"]}]},{"@type":"ImageObject","inLanguage":"fr-FR","@id":"https:\/\/gphm.ca\/fr\/articles-de-presse\/#primaryimage","url":"https:\/\/gphm.ca\/fr\/wp-content\/uploads\/2024\/10\/Article_Real_Houl_La_Releve.jpg","contentUrl":"https:\/\/gphm.ca\/fr\/wp-content\/uploads\/2024\/10\/Article_Real_Houl_La_Releve.jpg","width":1083,"height":820},{"@type":"BreadcrumbList","@id":"https:\/\/gphm.ca\/fr\/articles-de-presse\/#breadcrumb","itemListElement":[{"@type":"ListItem","position":1,"name":"Home","item":"https:\/\/gphm.ca\/fr\/"},{"@type":"ListItem","position":2,"name":"Articles de presse"}]},{"@type":"WebSite","@id":"https:\/\/gphm.ca\/fr\/#website","url":"https:\/\/gphm.ca\/fr\/","name":"Groupe de partage","description":"Aide pour hommes en Mont\u00e9r\u00e9gie","publisher":{"@id":"https:\/\/gphm.ca\/fr\/#organization"},"potentialAction":[{"@type":"SearchAction","target":{"@type":"EntryPoint","urlTemplate":"https:\/\/gphm.ca\/fr\/?s={search_term_string}"},"query-input":{"@type":"PropertyValueSpecification","valueRequired":true,"valueName":"search_term_string"}}],"inLanguage":"fr-FR"},{"@type":"Organization","@id":"https:\/\/gphm.ca\/fr\/#organization","name":"Groupe de Partage pou Hommes de la Mont\u00e9r\u00e9gie","url":"https:\/\/gphm.ca\/fr\/","logo":{"@type":"ImageObject","inLanguage":"fr-FR","@id":"https:\/\/gphm.ca\/fr\/#\/schema\/logo\/image\/","url":"https:\/\/gphm.ca\/fr\/wp-content\/uploads\/2014\/06\/LOGO-gphm-compact-web2.png","contentUrl":"https:\/\/gphm.ca\/fr\/wp-content\/uploads\/2014\/06\/LOGO-gphm-compact-web2.png","width":598,"height":273,"caption":"Groupe de Partage pou Hommes de la Mont\u00e9r\u00e9gie"},"image":{"@id":"https:\/\/gphm.ca\/fr\/#\/schema\/logo\/image\/"}}]}},"_links":{"self":[{"href":"https:\/\/gphm.ca\/fr\/wp-json\/wp\/v2\/pages\/134","targetHints":{"allow":["GET"]}}],"collection":[{"href":"https:\/\/gphm.ca\/fr\/wp-json\/wp\/v2\/pages"}],"about":[{"href":"https:\/\/gphm.ca\/fr\/wp-json\/wp\/v2\/types\/page"}],"author":[{"embeddable":true,"href":"https:\/\/gphm.ca\/fr\/wp-json\/wp\/v2\/users\/1"}],"replies":[{"embeddable":true,"href":"https:\/\/gphm.ca\/fr\/wp-json\/wp\/v2\/comments?post=134"}],"version-history":[{"count":7,"href":"https:\/\/gphm.ca\/fr\/wp-json\/wp\/v2\/pages\/134\/revisions"}],"predecessor-version":[{"id":1938,"href":"https:\/\/gphm.ca\/fr\/wp-json\/wp\/v2\/pages\/134\/revisions\/1938"}],"wp:attachment":[{"href":"https:\/\/gphm.ca\/fr\/wp-json\/wp\/v2\/media?parent=134"}],"curies":[{"name":"wp","href":"https:\/\/api.w.org\/{rel}","templated":true}]}}