{"id":131,"date":"2012-10-29T18:04:21","date_gmt":"2012-10-29T22:04:21","guid":{"rendered":"https:\/\/gphm.ca\/fr\/?page_id=131"},"modified":"2017-09-06T21:55:56","modified_gmt":"2017-09-07T02:55:56","slug":"temoignages","status":"publish","type":"page","link":"https:\/\/gphm.ca\/fr\/temoignages\/","title":{"rendered":"T\u00e9moignages"},"content":{"rendered":"<p><script>\/\/ <![CDATA[\n  (function(i,s,o,g,r,a,m){i['GoogleAnalyticsObject']=r;i[r]=i[r]||function(){\n  (i[r].q=i[r].q||[]).push(arguments)},i[r].l=1*new Date();a=s.createElement(o),\n  m=s.getElementsByTagName(o)[0];a.async=1;a.src=g;m.parentNode.insertBefore(a,m)\n  })(window,document,'script','\/\/www.google-analytics.com\/analytics.js','ga');\n\n  ga('create', 'UA-51905816-1', 'auto');\n  ga('send', 'pageview');\n\n\/\/ ]]><\/script><\/p>\n<h1 style=\"text-align: left;\" align=\"center\"><span style=\"color: #ff0000;\">La parole int\u00e9rieure d\u00e9mange<\/span><\/h1>\n<p dir=\"ltr\" style=\"text-align: left;\" align=\"justify\"><span style=\"color: #ff0000;\"><strong>Victor Hugo<\/strong> extrait de L&rsquo;Homme qui rit<\/span><\/p>\n<p>&nbsp;<\/p>\n<p><strong>De l&rsquo;aide et des ressources<\/strong><\/p>\n<p>Les gars du GPHM m&rsquo;ont accueilli, \u00e9cout\u00e9,<br \/>\nencourag\u00e9, permis de changer et devenir meilleur.<\/p>\n<p>Entre gars, on est pas mal plus fort qu&rsquo;on pense<br \/>\net le GPHM a des bonnes ressources pour nous aider<br \/>\n\u00e0 cheminer.<\/p>\n<p>\u00c9ric D.<\/p>\n<p>&nbsp;<\/p>\n<p><strong>La Peur<\/strong><\/p>\n<p>Quatre petites lettres, mais combien paralysantes! R\u00e9fl\u00e9chissons-y quelques instants. Quel pouvoir \u00e0 l\u2019int\u00e9rieur de si peu.<br \/>\nPeur\u2026 Mais de quoi au juste?<br \/>\nComme dire \u00ab\u00a0oui\u00a0\u00bb par exemple. Tiens! Voil\u00e0 trois autres lettres pleines de cons\u00e9quences elles aussi, mais j\u2019y reviendrai. Donc, la peur lorsqu\u2019elle m\u2019habite peut facilement me t\u00e9taniser au risque de compl\u00e8tement m\u2019emp\u00eacher de fonctionner normalement. D\u2019instinct je me demande aussit\u00f4t pourquoi. L\u2019une d\u2019entre elles concerne l\u2019engagement, ce qui n\u2019est pas une mince affaire pour moi en sachant que cela peut repr\u00e9senter le travail d\u2019une vie enti\u00e8re \u00e0 surmonter. J\u2019ai espoir d\u2019y arriver. Il ne me suffit pas uniquement de dire \u00ab\u00a0j\u2019ai peur\u00a0\u00bb car, en moi, subsiste l\u2019imp\u00e9rative question\u2026 Pourquoi ? Comme si l\u2019explication saurait \u00e0 elle seule m\u2019en d\u00e9livrer. Il n\u2019en est rien.<br \/>\nJ\u2019ai souvenir d\u2019avoir entendu \u00e0 maintes reprises au cours de mon existence qu\u2019un Homme, \u00e7a ne pleure pas.<br \/>\nClich\u00e9 ou mythe ?<br \/>\nJe me sens habit\u00e9 par cette interdiction d\u2019avoir acc\u00e8s \u00e0 mon int\u00e9riorit\u00e9 ainsi que mon individualit\u00e9 comme Homme.<br \/>\nO\u00f9 sont mes rep\u00e8res ?<br \/>\nQuels r\u00f4les devons-nous endosser pour pallier \u00e0 l\u2019absence de ceux-ci ? L\u2019\u00e9ternel h\u00e9ros qui s\u2019\u00e9puise en vain? Quelle place puis-je donner aux sentiments qui m\u2019habitent, aux \u00e9motions qui se meuvent en moi comme un tourbillon incontr\u00f4lable.<br \/>\nSuis-je pour autant \u00ab\u00a0faible\u00a0\u00bb si je lib\u00e8re, par l\u2019expression, cette \u00e9nergie si longtemps contenue ?<br \/>\nLa r\u00e9ponse \u00e0 cette question fondamentale f\u00fbt trouv\u00e9e \u00e0 l\u2019int\u00e9rieur de mon groupe de partage. Le contexte de ces rencontres permet l\u2019ouverture du c\u0153ur dans un environnement o\u00f9 la critique, le jugement sont absents. L\u2019intimit\u00e9, l\u2019accueil et le respect qui se d\u00e9veloppent, entour\u00e9 de mes semblables, me procurent un sentiment de solidarit\u00e9 qui me fortifie. Apr\u00e8s quelques ann\u00e9es de ces rencontres hebdomadaires, l\u2019animateur de mon groupe a per\u00e7u en moi un potentiel dont j\u2019ignorais jusqu\u2019alors l\u2019existence. Il me proposa la pr\u00e9sidence du conseil d\u2019administration. Cette proposition me prit par surprise et l\u2019id\u00e9e me p\u00e9trifiait.<br \/>\nLa peur en action.<br \/>\nJ\u2019ai fait le premier pas et en me laissant surtout le soin de me familiariser \u00e0 mon rythme. Lui me voyait sans contredit \u00e0 la pr\u00e9sidence. L\u2019\u00e9tau se resserrait, transi et paniqu\u00e9 devant cette \u00e9ventualit\u00e9. Je me voyais tout petit malgr\u00e9 mes six pieds et 230 livres. D\u2019ailleurs n\u2019y avait-il pas d\u2019autres gars plus instruits parmi le groupe, me disais-je? Son insistance aura port\u00e9 fruit. J\u2019ai dit oui. Quelle surprise de d\u00e9couvrir que mes peurs n\u2019avaient aucun fondement. Soudainement j\u2019ai senti fondre la pression et j\u2019ai pu ressentir un confort inhabituel. Quel sentiment agr\u00e9able de se voir support\u00e9 dans ce r\u00f4le pour le moins nouveau pour moi. Quelqu\u2019un a cru en moi et ce f\u00fbt propulsant pour moi. Le sentiment de r\u00e9aliser quelque chose de bien et d\u2019avancer sur un chemin inconnu, \u00e0 la rencontre du meilleur de soi, voil\u00e0 ce que le groupe peut t\u2019apporter \u00e0 toi aussi.<\/p>\n<p>Alors\u2026..quelles sont tes peurs?<\/p>\n<p><strong>R\u00e9al<\/strong><\/p>\n<p>&nbsp;<\/p>\n<p>Il y a 2 ans et demi ma vie \u00e9tait en danger parce que je n&rsquo;en voulais plus. Je me faisais peur. J&rsquo;ai cherch\u00e9 de l&rsquo;aide chez un m\u00e9decin, un psychoth\u00e9rapeute et au groupe de partage pour hommes de la Mont\u00e9r\u00e9gie. Le groupe a contribu\u00e9 \u00e0 mon r\u00e9tablissement en m&rsquo;aidant \u00e0 mettre les choses en perspective. Un th\u00e9rapeute \u00e7a aide, mais tu ne fais que te regarder, toi, face \u00e0 tes probl\u00e8mes. Un groupe de partage, \u00e7a t&rsquo;aide \u00e0 relativiser les choses. Tu rencontres d&rsquo;autres hommes qui ont v\u00e9cu la m\u00eame chose ou pire que toi. Tu \u00e9coutes le v\u00e9cu d&rsquo;autre gars comme toi et tu apprends que tu n&rsquo;es pas seul \u00e0 souffrir.<\/p>\n<p>Le groupe a \u00e9t\u00e9 pour moi le parfait compl\u00e9ment \u00e0 ma th\u00e9rapie. Pour quelqu&rsquo;un qui est aujourd&rsquo;hui dans la m\u00eame situation dans laquelle j&rsquo;\u00e9tais, je ne recommande pas le groupe sans aide individuelle, et je ne recommande pas l&rsquo;aide individuelle sans le groupe. Les deux se compl\u00e8tent parfaitement.<\/p>\n<p><strong>Martin L.<\/strong><\/p>\n<p>&nbsp;<\/p>\n<p>Je suis dans le groupe depuis deux ans et demi, j\u2019ai appris \u00e0 \u00eatre authentique, \u00e0 prendre ma place.<\/p>\n<p>Je suis accueilli sans jugement.<br \/>\nJ\u2019aime la solidarit\u00e9 entre les membres.<\/p>\n<p align=\"justify\"><strong>Richard M.<\/strong><\/p>\n<p>&nbsp;<\/p>\n<p>Depuis que je fais partie du groupe de partage \u00a0j&rsquo;ai compris ce que voulait dire l&rsquo;amiti\u00e9 sans\u00a0condition, moi qui est arriv\u00e9 meurtri et dans le\u00a0d\u00e9sarroi le plus complet ne sachant vers qui me\u00a0tourner. \u00a0J&rsquo;ai \u00e9t\u00e9 accueilli sans pr\u00e9jug\u00e9s, les\u00a0bras ouverts, et l&rsquo;\u00e9coute sans jugement. \u00a0Je suis en\u00a0mesure de confirmer que si le groupe n`avait pas\u00a0\u00e9t\u00e9 l\u00e0, je ne serais plus de ce monde aujourd&rsquo;hui. Gr\u00e2ce aux animateurs comme Eddy, j&rsquo;ai appris\u00a0\u00e0 faire face \u00e0 la vie et tout les gars que j&rsquo;y\u00a0ai rencontr\u00e9s m&rsquo;ont beaucoup apport\u00e9. \u00a0Donc je vous\u00a0remercie tous, \u00a0du plus profond de mon coeur, sinc\u00e8rement .<\/p>\n<p><strong>R\u00e9al<\/strong><\/p>\n<div><\/div>\n<p>&nbsp;<\/p>\n<p align=\"justify\">Je suis pr\u00e9sent depuis les d\u00e9buts ; j\u2019ai appris \u00e0 mieux communiquer avec mes ados, \u00e0 \u00e9couter, \u00e0 m\u2019affirmer, \u00e0 faire des choix. Je suis de plus en plus heureux et je poursuis mon cheminement.<\/p>\n<p align=\"justify\"><strong>Daniel L.<\/strong><\/p>\n<p align=\"justify\">Je fais partie du groupe de partage pour hommes depuis mai 2006. Je vis une s\u00e9paration apr\u00e8s plus de 20 ans de mariage et je trouve \u00e7a tr\u00e8s dur. Le groupe m\u2019aide beaucoup. Parler librement de ses \u00e9motions sans \u00eatre jug\u00e9 est tr\u00e8s lib\u00e9rateur pour moi. Me sentir compris et appuy\u00e9 par les autres membres du groupe me donne la force pour continuer \u00e0 cheminer dans mon \u00e9preuve. C\u2019est le plus beau cadeau que je pouvais me faire. Un gros merci \u00e0 tous les membres du groupe.<\/p>\n<p align=\"justify\">Merci Normand, Merci Serge.<\/p>\n<p align=\"justify\"><strong>Daniel G.<\/strong><\/p>\n<p align=\"justify\">\n","protected":false},"excerpt":{"rendered":"<p>La parole int\u00e9rieure d\u00e9mange Victor Hugo extrait de L&rsquo;Homme qui rit &nbsp; De l&rsquo;aide et des ressources Les gars du GPHM m&rsquo;ont accueilli, \u00e9cout\u00e9, encourag\u00e9, permis de changer et devenir meilleur. Entre gars, on est pas mal plus fort qu&rsquo;on pense et le GPHM a des bonnes ressources pour nous aider \u00e0 cheminer. \u00c9ric D. [&hellip;]<\/p>\n","protected":false},"author":1,"featured_media":0,"parent":0,"menu_order":6,"comment_status":"closed","ping_status":"open","template":"","meta":{"footnotes":""},"class_list":["post-131","page","type-page","status-publish","hentry"],"yoast_head":"<!-- This site is optimized with the Yoast SEO plugin v26.6 - https:\/\/yoast.com\/wordpress\/plugins\/seo\/ -->\n<title>T\u00e9moignages - Groupe de partage<\/title>\n<meta name=\"robots\" content=\"index, follow, max-snippet:-1, max-image-preview:large, max-video-preview:-1\" \/>\n<link rel=\"canonical\" href=\"https:\/\/gphm.ca\/fr\/temoignages\/\" \/>\n<meta property=\"og:locale\" content=\"fr_FR\" \/>\n<meta property=\"og:type\" content=\"article\" \/>\n<meta property=\"og:title\" content=\"T\u00e9moignages - Groupe de partage\" \/>\n<meta property=\"og:description\" content=\"La parole int\u00e9rieure d\u00e9mange Victor Hugo extrait de L&rsquo;Homme qui rit &nbsp; De l&rsquo;aide et des ressources Les gars du GPHM m&rsquo;ont accueilli, \u00e9cout\u00e9, encourag\u00e9, permis de changer et devenir meilleur. Entre gars, on est pas mal plus fort qu&rsquo;on pense et le GPHM a des bonnes ressources pour nous aider \u00e0 cheminer. \u00c9ric D. [&hellip;]\" \/>\n<meta property=\"og:url\" content=\"https:\/\/gphm.ca\/fr\/temoignages\/\" \/>\n<meta property=\"og:site_name\" content=\"Groupe de partage\" \/>\n<meta property=\"article:modified_time\" content=\"2017-09-07T02:55:56+00:00\" \/>\n<meta name=\"twitter:card\" content=\"summary_large_image\" \/>\n<meta name=\"twitter:label1\" content=\"Dur\u00e9e de lecture estim\u00e9e\" \/>\n\t<meta name=\"twitter:data1\" content=\"5 minutes\" \/>\n<script type=\"application\/ld+json\" class=\"yoast-schema-graph\">{\"@context\":\"https:\/\/schema.org\",\"@graph\":[{\"@type\":\"WebPage\",\"@id\":\"https:\/\/gphm.ca\/fr\/temoignages\/\",\"url\":\"https:\/\/gphm.ca\/fr\/temoignages\/\",\"name\":\"T\u00e9moignages - Groupe de partage\",\"isPartOf\":{\"@id\":\"https:\/\/gphm.ca\/fr\/#website\"},\"datePublished\":\"2012-10-29T22:04:21+00:00\",\"dateModified\":\"2017-09-07T02:55:56+00:00\",\"breadcrumb\":{\"@id\":\"https:\/\/gphm.ca\/fr\/temoignages\/#breadcrumb\"},\"inLanguage\":\"fr-FR\",\"potentialAction\":[{\"@type\":\"ReadAction\",\"target\":[\"https:\/\/gphm.ca\/fr\/temoignages\/\"]}]},{\"@type\":\"BreadcrumbList\",\"@id\":\"https:\/\/gphm.ca\/fr\/temoignages\/#breadcrumb\",\"itemListElement\":[{\"@type\":\"ListItem\",\"position\":1,\"name\":\"Home\",\"item\":\"https:\/\/gphm.ca\/fr\/\"},{\"@type\":\"ListItem\",\"position\":2,\"name\":\"T\u00e9moignages\"}]},{\"@type\":\"WebSite\",\"@id\":\"https:\/\/gphm.ca\/fr\/#website\",\"url\":\"https:\/\/gphm.ca\/fr\/\",\"name\":\"Groupe de partage\",\"description\":\"Aide pour hommes en Mont\u00e9r\u00e9gie\",\"publisher\":{\"@id\":\"https:\/\/gphm.ca\/fr\/#organization\"},\"potentialAction\":[{\"@type\":\"SearchAction\",\"target\":{\"@type\":\"EntryPoint\",\"urlTemplate\":\"https:\/\/gphm.ca\/fr\/?s={search_term_string}\"},\"query-input\":{\"@type\":\"PropertyValueSpecification\",\"valueRequired\":true,\"valueName\":\"search_term_string\"}}],\"inLanguage\":\"fr-FR\"},{\"@type\":\"Organization\",\"@id\":\"https:\/\/gphm.ca\/fr\/#organization\",\"name\":\"Groupe de Partage pou Hommes de la Mont\u00e9r\u00e9gie\",\"url\":\"https:\/\/gphm.ca\/fr\/\",\"logo\":{\"@type\":\"ImageObject\",\"inLanguage\":\"fr-FR\",\"@id\":\"https:\/\/gphm.ca\/fr\/#\/schema\/logo\/image\/\",\"url\":\"https:\/\/gphm.ca\/fr\/wp-content\/uploads\/2014\/06\/LOGO-gphm-compact-web2.png\",\"contentUrl\":\"https:\/\/gphm.ca\/fr\/wp-content\/uploads\/2014\/06\/LOGO-gphm-compact-web2.png\",\"width\":598,\"height\":273,\"caption\":\"Groupe de Partage pou Hommes de la Mont\u00e9r\u00e9gie\"},\"image\":{\"@id\":\"https:\/\/gphm.ca\/fr\/#\/schema\/logo\/image\/\"}}]}<\/script>\n<!-- \/ Yoast SEO plugin. -->","yoast_head_json":{"title":"T\u00e9moignages - Groupe de partage","robots":{"index":"index","follow":"follow","max-snippet":"max-snippet:-1","max-image-preview":"max-image-preview:large","max-video-preview":"max-video-preview:-1"},"canonical":"https:\/\/gphm.ca\/fr\/temoignages\/","og_locale":"fr_FR","og_type":"article","og_title":"T\u00e9moignages - Groupe de partage","og_description":"La parole int\u00e9rieure d\u00e9mange Victor Hugo extrait de L&rsquo;Homme qui rit &nbsp; De l&rsquo;aide et des ressources Les gars du GPHM m&rsquo;ont accueilli, \u00e9cout\u00e9, encourag\u00e9, permis de changer et devenir meilleur. Entre gars, on est pas mal plus fort qu&rsquo;on pense et le GPHM a des bonnes ressources pour nous aider \u00e0 cheminer. \u00c9ric D. [&hellip;]","og_url":"https:\/\/gphm.ca\/fr\/temoignages\/","og_site_name":"Groupe de partage","article_modified_time":"2017-09-07T02:55:56+00:00","twitter_card":"summary_large_image","twitter_misc":{"Dur\u00e9e de lecture estim\u00e9e":"5 minutes"},"schema":{"@context":"https:\/\/schema.org","@graph":[{"@type":"WebPage","@id":"https:\/\/gphm.ca\/fr\/temoignages\/","url":"https:\/\/gphm.ca\/fr\/temoignages\/","name":"T\u00e9moignages - Groupe de partage","isPartOf":{"@id":"https:\/\/gphm.ca\/fr\/#website"},"datePublished":"2012-10-29T22:04:21+00:00","dateModified":"2017-09-07T02:55:56+00:00","breadcrumb":{"@id":"https:\/\/gphm.ca\/fr\/temoignages\/#breadcrumb"},"inLanguage":"fr-FR","potentialAction":[{"@type":"ReadAction","target":["https:\/\/gphm.ca\/fr\/temoignages\/"]}]},{"@type":"BreadcrumbList","@id":"https:\/\/gphm.ca\/fr\/temoignages\/#breadcrumb","itemListElement":[{"@type":"ListItem","position":1,"name":"Home","item":"https:\/\/gphm.ca\/fr\/"},{"@type":"ListItem","position":2,"name":"T\u00e9moignages"}]},{"@type":"WebSite","@id":"https:\/\/gphm.ca\/fr\/#website","url":"https:\/\/gphm.ca\/fr\/","name":"Groupe de partage","description":"Aide pour hommes en Mont\u00e9r\u00e9gie","publisher":{"@id":"https:\/\/gphm.ca\/fr\/#organization"},"potentialAction":[{"@type":"SearchAction","target":{"@type":"EntryPoint","urlTemplate":"https:\/\/gphm.ca\/fr\/?s={search_term_string}"},"query-input":{"@type":"PropertyValueSpecification","valueRequired":true,"valueName":"search_term_string"}}],"inLanguage":"fr-FR"},{"@type":"Organization","@id":"https:\/\/gphm.ca\/fr\/#organization","name":"Groupe de Partage pou Hommes de la Mont\u00e9r\u00e9gie","url":"https:\/\/gphm.ca\/fr\/","logo":{"@type":"ImageObject","inLanguage":"fr-FR","@id":"https:\/\/gphm.ca\/fr\/#\/schema\/logo\/image\/","url":"https:\/\/gphm.ca\/fr\/wp-content\/uploads\/2014\/06\/LOGO-gphm-compact-web2.png","contentUrl":"https:\/\/gphm.ca\/fr\/wp-content\/uploads\/2014\/06\/LOGO-gphm-compact-web2.png","width":598,"height":273,"caption":"Groupe de Partage pou Hommes de la Mont\u00e9r\u00e9gie"},"image":{"@id":"https:\/\/gphm.ca\/fr\/#\/schema\/logo\/image\/"}}]}},"_links":{"self":[{"href":"https:\/\/gphm.ca\/fr\/wp-json\/wp\/v2\/pages\/131","targetHints":{"allow":["GET"]}}],"collection":[{"href":"https:\/\/gphm.ca\/fr\/wp-json\/wp\/v2\/pages"}],"about":[{"href":"https:\/\/gphm.ca\/fr\/wp-json\/wp\/v2\/types\/page"}],"author":[{"embeddable":true,"href":"https:\/\/gphm.ca\/fr\/wp-json\/wp\/v2\/users\/1"}],"replies":[{"embeddable":true,"href":"https:\/\/gphm.ca\/fr\/wp-json\/wp\/v2\/comments?post=131"}],"version-history":[{"count":1,"href":"https:\/\/gphm.ca\/fr\/wp-json\/wp\/v2\/pages\/131\/revisions"}],"predecessor-version":[{"id":1803,"href":"https:\/\/gphm.ca\/fr\/wp-json\/wp\/v2\/pages\/131\/revisions\/1803"}],"wp:attachment":[{"href":"https:\/\/gphm.ca\/fr\/wp-json\/wp\/v2\/media?parent=131"}],"curies":[{"name":"wp","href":"https:\/\/api.w.org\/{rel}","templated":true}]}}