{"id":126,"date":"2012-10-29T18:00:42","date_gmt":"2012-10-29T22:00:42","guid":{"rendered":"https:\/\/gphm.ca\/fr\/?page_id=126"},"modified":"2025-11-04T15:15:46","modified_gmt":"2025-11-04T20:15:46","slug":"partenaires","status":"publish","type":"page","link":"https:\/\/gphm.ca\/fr\/partenaires\/","title":{"rendered":"Partenaires"},"content":{"rendered":"\n<p>Nous tenons \u00e0 remercier tr\u00e8s sinc\u00e8rement nos pr\u00e9cieux partenaires qui, gr\u00e2ce \u00e0 leur g\u00e9n\u00e9rosit\u00e9 et \u00e0 la conficance qu&rsquo;ils nous t\u00e9moignent par leur soutien financier, strat\u00e9gique ou administratif, rendent possible notre mission aupr\u00e8s des hommes.  <\/p>\n\n\n\n<p>Le GPHM existe parce qu&rsquo;il y a des hommes qui ont souffert en silence, et d&rsquo;autres qui ont tendu la main. Parce qu&rsquo;il y a des parcours bris\u00e9s &#8230; et des chemins de reconstruction. <\/p>\n\n\n\n<p>Votre implication peut changer des vies! Merci!<\/p>\n\n\n\n<figure class=\"wp-block-image size-full is-resized\"><a href=\"https:\/\/gphm.ca\/fr\/wp-content\/uploads\/2025\/11\/image-8.png\"><img loading=\"lazy\" decoding=\"async\" width=\"995\" height=\"995\" src=\"https:\/\/gphm.ca\/fr\/wp-content\/uploads\/2025\/11\/image-8.png\" alt=\"\" class=\"wp-image-2347\" style=\"width:468px;height:auto\" srcset=\"https:\/\/gphm.ca\/fr\/wp-content\/uploads\/2025\/11\/image-8.png 995w, https:\/\/gphm.ca\/fr\/wp-content\/uploads\/2025\/11\/image-8-300x300.png 300w, https:\/\/gphm.ca\/fr\/wp-content\/uploads\/2025\/11\/image-8-150x150.png 150w, https:\/\/gphm.ca\/fr\/wp-content\/uploads\/2025\/11\/image-8-768x768.png 768w\" sizes=\"auto, (max-width: 995px) 100vw, 995px\" \/><\/a><\/figure>\n\n\n\n<figure class=\"wp-block-image size-full\"><a href=\"https:\/\/gphm.ca\/fr\/wp-content\/uploads\/2025\/11\/image.png\"><img loading=\"lazy\" decoding=\"async\" width=\"235\" height=\"313\" src=\"https:\/\/gphm.ca\/fr\/wp-content\/uploads\/2025\/11\/image.png\" alt=\"\" class=\"wp-image-2333\" srcset=\"https:\/\/gphm.ca\/fr\/wp-content\/uploads\/2025\/11\/image.png 235w, https:\/\/gphm.ca\/fr\/wp-content\/uploads\/2025\/11\/image-225x300.png 225w\" sizes=\"auto, (max-width: 235px) 100vw, 235px\" \/><\/a><\/figure>\n\n\n\n<p>Christian\u00a0Dub\u00e9<\/p>\n\n\n\n<ul class=\"wp-block-list\">\n<li>D\u00e9put\u00e9 de La Prairie<\/li>\n\n\n\n<li>Coalition avenir Qu\u00e9bec<\/li>\n\n\n\n<li>Ministre de la Sant\u00e9<\/li>\n<\/ul>\n\n\n\n<figure class=\"wp-block-image size-full is-resized\"><a href=\"https:\/\/gphm.ca\/fr\/wp-content\/uploads\/2025\/11\/image-1.png\"><img loading=\"lazy\" decoding=\"async\" width=\"235\" height=\"313\" src=\"https:\/\/gphm.ca\/fr\/wp-content\/uploads\/2025\/11\/image-1.png\" alt=\"\" class=\"wp-image-2337\" style=\"width:234px;height:auto\" srcset=\"https:\/\/gphm.ca\/fr\/wp-content\/uploads\/2025\/11\/image-1.png 235w, https:\/\/gphm.ca\/fr\/wp-content\/uploads\/2025\/11\/image-1-225x300.png 225w\" sizes=\"auto, (max-width: 235px) 100vw, 235px\" \/><\/a><\/figure>\n\n\n\n<p>Gilles&nbsp;B\u00e9langer<\/p>\n\n\n\n<ul class=\"wp-block-list\">\n<li>D\u00e9put\u00e9 d\u2019Orford<\/li>\n\n\n\n<li>Coalition avenir Qu\u00e9bec<\/li>\n\n\n\n<li>Ministre de la Cybers\u00e9curit\u00e9 et du Num\u00e9rique<\/li>\n<\/ul>\n\n\n\n<figure class=\"wp-block-image size-full\"><a href=\"https:\/\/gphm.ca\/fr\/wp-content\/uploads\/2025\/11\/image-2.png\"><img loading=\"lazy\" decoding=\"async\" width=\"235\" height=\"313\" src=\"https:\/\/gphm.ca\/fr\/wp-content\/uploads\/2025\/11\/image-2.png\" alt=\"\" class=\"wp-image-2338\" srcset=\"https:\/\/gphm.ca\/fr\/wp-content\/uploads\/2025\/11\/image-2.png 235w, https:\/\/gphm.ca\/fr\/wp-content\/uploads\/2025\/11\/image-2-225x300.png 225w\" sizes=\"auto, (max-width: 235px) 100vw, 235px\" \/><\/a><\/figure>\n\n\n\n<p>Ian&nbsp;Lafreni\u00e8re<\/p>\n\n\n\n<ul class=\"wp-block-list\">\n<li>D\u00e9put\u00e9 de Vachon<\/li>\n\n\n\n<li>Coalition avenir Qu\u00e9bec<\/li>\n\n\n\n<li>Ministre de la S\u00e9curit\u00e9 publique<\/li>\n\n\n\n<li>Ministre responsable des Relations avec les Premi\u00e8res Nations et les Inuit<\/li>\n\n\n\n<li>Ministre responsable de la r\u00e9gion du Nord-du-Qu\u00e9bec<\/li>\n<\/ul>\n\n\n\n<figure class=\"wp-block-image size-full\"><a href=\"https:\/\/gphm.ca\/fr\/wp-content\/uploads\/2025\/11\/image-3.png\"><img loading=\"lazy\" decoding=\"async\" width=\"235\" height=\"313\" src=\"https:\/\/gphm.ca\/fr\/wp-content\/uploads\/2025\/11\/image-3.png\" alt=\"\" class=\"wp-image-2339\" srcset=\"https:\/\/gphm.ca\/fr\/wp-content\/uploads\/2025\/11\/image-3.png 235w, https:\/\/gphm.ca\/fr\/wp-content\/uploads\/2025\/11\/image-3-225x300.png 225w\" sizes=\"auto, (max-width: 235px) 100vw, 235px\" \/><\/a><\/figure>\n\n\n\n<p>Christine&nbsp;Fr\u00e9chette<\/p>\n\n\n\n<ul class=\"wp-block-list\">\n<li>D\u00e9put\u00e9e de Sanguinet<\/li>\n\n\n\n<li>Coalition avenir Qu\u00e9bec<\/li>\n\n\n\n<li>Ministre de l\u2019\u00c9conomie, de l\u2019Innovation et de l\u2019\u00c9nergie<\/li>\n<\/ul>\n\n\n\n<figure class=\"wp-block-image size-full is-resized\"><a href=\"https:\/\/gphm.ca\/fr\/wp-content\/uploads\/2025\/11\/image-6.png\"><img loading=\"lazy\" decoding=\"async\" width=\"235\" height=\"313\" src=\"https:\/\/gphm.ca\/fr\/wp-content\/uploads\/2025\/11\/image-6.png\" alt=\"\" class=\"wp-image-2342\" style=\"width:235px;height:auto\" srcset=\"https:\/\/gphm.ca\/fr\/wp-content\/uploads\/2025\/11\/image-6.png 235w, https:\/\/gphm.ca\/fr\/wp-content\/uploads\/2025\/11\/image-6-225x300.png 225w\" sizes=\"auto, (max-width: 235px) 100vw, 235px\" \/><\/a><\/figure>\n\n\n\n<p>Suzanne&nbsp;Roy<\/p>\n\n\n\n<ul class=\"wp-block-list\">\n<li>D\u00e9put\u00e9e de Verch\u00e8res<\/li>\n\n\n\n<li>Coalition avenir Qu\u00e9bec<\/li>\n\n\n\n<li>Vice-pr\u00e9sidente de la Commission de l\u2019administration publique<\/li>\n\n\n\n<li>Membre du Bureau de l\u2019Assembl\u00e9e nationale<\/li>\n<\/ul>\n\n\n\n<figure class=\"wp-block-image size-full is-resized\"><a href=\"https:\/\/gphm.ca\/fr\/wp-content\/uploads\/2025\/11\/image-7.png\"><img loading=\"lazy\" decoding=\"async\" width=\"235\" height=\"313\" src=\"https:\/\/gphm.ca\/fr\/wp-content\/uploads\/2025\/11\/image-7.png\" alt=\"\" class=\"wp-image-2343\" style=\"width:235px;height:auto\" srcset=\"https:\/\/gphm.ca\/fr\/wp-content\/uploads\/2025\/11\/image-7.png 235w, https:\/\/gphm.ca\/fr\/wp-content\/uploads\/2025\/11\/image-7-225x300.png 225w\" sizes=\"auto, (max-width: 235px) 100vw, 235px\" \/><\/a><\/figure>\n\n\n\n<p>Nathalie&nbsp;Roy<\/p>\n\n\n\n<ul class=\"wp-block-list\">\n<li>D\u00e9put\u00e9e de Montarville<\/li>\n\n\n\n<li>Coalition avenir Qu\u00e9bec<\/li>\n\n\n\n<li>Pr\u00e9sidente de l\u2019Assembl\u00e9e nationale<\/li>\n\n\n\n<li>Pr\u00e9sidente de la Commission de l\u2019Assembl\u00e9e nationale<\/li>\n\n\n\n<li>Pr\u00e9sidente de la Sous-commission de la r\u00e9forme parlementaire<\/li>\n<\/ul>\n\n\n\n<figure class=\"wp-block-image size-full is-resized\"><a href=\"https:\/\/gphm.ca\/fr\/wp-content\/uploads\/2025\/11\/image-9.png\"><img loading=\"lazy\" decoding=\"async\" width=\"980\" height=\"560\" src=\"https:\/\/gphm.ca\/fr\/wp-content\/uploads\/2025\/11\/image-9.png\" alt=\"\" class=\"wp-image-2350\" style=\"width:386px;height:auto\" srcset=\"https:\/\/gphm.ca\/fr\/wp-content\/uploads\/2025\/11\/image-9.png 980w, https:\/\/gphm.ca\/fr\/wp-content\/uploads\/2025\/11\/image-9-300x171.png 300w, https:\/\/gphm.ca\/fr\/wp-content\/uploads\/2025\/11\/image-9-768x439.png 768w\" sizes=\"auto, (max-width: 980px) 100vw, 980px\" \/><\/a><\/figure>\n\n\n\n<figure class=\"wp-block-image size-full\"><a href=\"https:\/\/gphm.ca\/fr\/wp-content\/uploads\/2025\/11\/image-10.png\"><img loading=\"lazy\" decoding=\"async\" width=\"487\" height=\"103\" src=\"https:\/\/gphm.ca\/fr\/wp-content\/uploads\/2025\/11\/image-10.png\" alt=\"\" class=\"wp-image-2353\" srcset=\"https:\/\/gphm.ca\/fr\/wp-content\/uploads\/2025\/11\/image-10.png 487w, https:\/\/gphm.ca\/fr\/wp-content\/uploads\/2025\/11\/image-10-300x63.png 300w\" sizes=\"auto, (max-width: 487px) 100vw, 487px\" \/><\/a><\/figure>\n\n\n\n<p><strong>&nbsp;&nbsp;&nbsp;&nbsp;&nbsp;&nbsp;&nbsp;&nbsp;&nbsp;&nbsp;&nbsp;&nbsp;&nbsp;&nbsp;&nbsp;&nbsp;&nbsp;&nbsp;&nbsp;&nbsp;&nbsp;&nbsp;&nbsp;&nbsp;&nbsp;&nbsp;&nbsp;&nbsp;&nbsp;&nbsp;&nbsp;&nbsp;&nbsp;&nbsp; 450-671-1221<\/strong><\/p>\n","protected":false},"excerpt":{"rendered":"<p>Nous tenons \u00e0 remercier tr\u00e8s sinc\u00e8rement nos pr\u00e9cieux partenaires qui, gr\u00e2ce \u00e0 leur g\u00e9n\u00e9rosit\u00e9 et \u00e0 la conficance qu&rsquo;ils nous t\u00e9moignent par leur soutien financier, strat\u00e9gique ou administratif, rendent possible notre mission aupr\u00e8s des hommes. Le GPHM existe parce qu&rsquo;il y a des hommes qui ont souffert en silence, et d&rsquo;autres qui ont tendu la [&hellip;]<\/p>\n","protected":false},"author":1,"featured_media":0,"parent":0,"menu_order":6,"comment_status":"closed","ping_status":"open","template":"","meta":{"footnotes":""},"class_list":["post-126","page","type-page","status-publish","hentry"],"yoast_head":"<!-- This site is optimized with the Yoast SEO plugin v26.6 - https:\/\/yoast.com\/wordpress\/plugins\/seo\/ -->\n<title>Partenaires - Groupe de partage<\/title>\n<meta name=\"robots\" content=\"index, follow, max-snippet:-1, max-image-preview:large, max-video-preview:-1\" \/>\n<link rel=\"canonical\" href=\"https:\/\/gphm.ca\/fr\/partenaires\/\" \/>\n<meta property=\"og:locale\" content=\"fr_FR\" \/>\n<meta property=\"og:type\" content=\"article\" \/>\n<meta property=\"og:title\" content=\"Partenaires - Groupe de partage\" \/>\n<meta property=\"og:description\" content=\"Nous tenons \u00e0 remercier tr\u00e8s sinc\u00e8rement nos pr\u00e9cieux partenaires qui, gr\u00e2ce \u00e0 leur g\u00e9n\u00e9rosit\u00e9 et \u00e0 la conficance qu&rsquo;ils nous t\u00e9moignent par leur soutien financier, strat\u00e9gique ou administratif, rendent possible notre mission aupr\u00e8s des hommes. Le GPHM existe parce qu&rsquo;il y a des hommes qui ont souffert en silence, et d&rsquo;autres qui ont tendu la [&hellip;]\" \/>\n<meta property=\"og:url\" content=\"https:\/\/gphm.ca\/fr\/partenaires\/\" \/>\n<meta property=\"og:site_name\" content=\"Groupe de partage\" \/>\n<meta property=\"article:modified_time\" content=\"2025-11-04T20:15:46+00:00\" \/>\n<meta property=\"og:image\" content=\"https:\/\/gphm.ca\/fr\/wp-content\/uploads\/2025\/11\/image-8.png\" \/>\n\t<meta property=\"og:image:width\" content=\"995\" \/>\n\t<meta property=\"og:image:height\" content=\"995\" \/>\n\t<meta property=\"og:image:type\" content=\"image\/png\" \/>\n<meta name=\"twitter:card\" content=\"summary_large_image\" \/>\n<meta name=\"twitter:label1\" content=\"Dur\u00e9e de lecture estim\u00e9e\" \/>\n\t<meta name=\"twitter:data1\" content=\"3 minutes\" \/>\n<script type=\"application\/ld+json\" class=\"yoast-schema-graph\">{\"@context\":\"https:\/\/schema.org\",\"@graph\":[{\"@type\":\"WebPage\",\"@id\":\"https:\/\/gphm.ca\/fr\/partenaires\/\",\"url\":\"https:\/\/gphm.ca\/fr\/partenaires\/\",\"name\":\"Partenaires - Groupe de partage\",\"isPartOf\":{\"@id\":\"https:\/\/gphm.ca\/fr\/#website\"},\"primaryImageOfPage\":{\"@id\":\"https:\/\/gphm.ca\/fr\/partenaires\/#primaryimage\"},\"image\":{\"@id\":\"https:\/\/gphm.ca\/fr\/partenaires\/#primaryimage\"},\"thumbnailUrl\":\"https:\/\/gphm.ca\/fr\/wp-content\/uploads\/2025\/11\/image-8.png\",\"datePublished\":\"2012-10-29T22:00:42+00:00\",\"dateModified\":\"2025-11-04T20:15:46+00:00\",\"breadcrumb\":{\"@id\":\"https:\/\/gphm.ca\/fr\/partenaires\/#breadcrumb\"},\"inLanguage\":\"fr-FR\",\"potentialAction\":[{\"@type\":\"ReadAction\",\"target\":[\"https:\/\/gphm.ca\/fr\/partenaires\/\"]}]},{\"@type\":\"ImageObject\",\"inLanguage\":\"fr-FR\",\"@id\":\"https:\/\/gphm.ca\/fr\/partenaires\/#primaryimage\",\"url\":\"https:\/\/gphm.ca\/fr\/wp-content\/uploads\/2025\/11\/image-8.png\",\"contentUrl\":\"https:\/\/gphm.ca\/fr\/wp-content\/uploads\/2025\/11\/image-8.png\",\"width\":995,\"height\":995},{\"@type\":\"BreadcrumbList\",\"@id\":\"https:\/\/gphm.ca\/fr\/partenaires\/#breadcrumb\",\"itemListElement\":[{\"@type\":\"ListItem\",\"position\":1,\"name\":\"Home\",\"item\":\"https:\/\/gphm.ca\/fr\/\"},{\"@type\":\"ListItem\",\"position\":2,\"name\":\"Partenaires\"}]},{\"@type\":\"WebSite\",\"@id\":\"https:\/\/gphm.ca\/fr\/#website\",\"url\":\"https:\/\/gphm.ca\/fr\/\",\"name\":\"Groupe de partage\",\"description\":\"Aide pour hommes en Mont\u00e9r\u00e9gie\",\"publisher\":{\"@id\":\"https:\/\/gphm.ca\/fr\/#organization\"},\"potentialAction\":[{\"@type\":\"SearchAction\",\"target\":{\"@type\":\"EntryPoint\",\"urlTemplate\":\"https:\/\/gphm.ca\/fr\/?s={search_term_string}\"},\"query-input\":{\"@type\":\"PropertyValueSpecification\",\"valueRequired\":true,\"valueName\":\"search_term_string\"}}],\"inLanguage\":\"fr-FR\"},{\"@type\":\"Organization\",\"@id\":\"https:\/\/gphm.ca\/fr\/#organization\",\"name\":\"Groupe de Partage pou Hommes de la Mont\u00e9r\u00e9gie\",\"url\":\"https:\/\/gphm.ca\/fr\/\",\"logo\":{\"@type\":\"ImageObject\",\"inLanguage\":\"fr-FR\",\"@id\":\"https:\/\/gphm.ca\/fr\/#\/schema\/logo\/image\/\",\"url\":\"https:\/\/gphm.ca\/fr\/wp-content\/uploads\/2014\/06\/LOGO-gphm-compact-web2.png\",\"contentUrl\":\"https:\/\/gphm.ca\/fr\/wp-content\/uploads\/2014\/06\/LOGO-gphm-compact-web2.png\",\"width\":598,\"height\":273,\"caption\":\"Groupe de Partage pou Hommes de la Mont\u00e9r\u00e9gie\"},\"image\":{\"@id\":\"https:\/\/gphm.ca\/fr\/#\/schema\/logo\/image\/\"}}]}<\/script>\n<!-- \/ Yoast SEO plugin. -->","yoast_head_json":{"title":"Partenaires - Groupe de partage","robots":{"index":"index","follow":"follow","max-snippet":"max-snippet:-1","max-image-preview":"max-image-preview:large","max-video-preview":"max-video-preview:-1"},"canonical":"https:\/\/gphm.ca\/fr\/partenaires\/","og_locale":"fr_FR","og_type":"article","og_title":"Partenaires - Groupe de partage","og_description":"Nous tenons \u00e0 remercier tr\u00e8s sinc\u00e8rement nos pr\u00e9cieux partenaires qui, gr\u00e2ce \u00e0 leur g\u00e9n\u00e9rosit\u00e9 et \u00e0 la conficance qu&rsquo;ils nous t\u00e9moignent par leur soutien financier, strat\u00e9gique ou administratif, rendent possible notre mission aupr\u00e8s des hommes. Le GPHM existe parce qu&rsquo;il y a des hommes qui ont souffert en silence, et d&rsquo;autres qui ont tendu la [&hellip;]","og_url":"https:\/\/gphm.ca\/fr\/partenaires\/","og_site_name":"Groupe de partage","article_modified_time":"2025-11-04T20:15:46+00:00","og_image":[{"width":995,"height":995,"url":"https:\/\/gphm.ca\/fr\/wp-content\/uploads\/2025\/11\/image-8.png","type":"image\/png"}],"twitter_card":"summary_large_image","twitter_misc":{"Dur\u00e9e de lecture estim\u00e9e":"3 minutes"},"schema":{"@context":"https:\/\/schema.org","@graph":[{"@type":"WebPage","@id":"https:\/\/gphm.ca\/fr\/partenaires\/","url":"https:\/\/gphm.ca\/fr\/partenaires\/","name":"Partenaires - Groupe de partage","isPartOf":{"@id":"https:\/\/gphm.ca\/fr\/#website"},"primaryImageOfPage":{"@id":"https:\/\/gphm.ca\/fr\/partenaires\/#primaryimage"},"image":{"@id":"https:\/\/gphm.ca\/fr\/partenaires\/#primaryimage"},"thumbnailUrl":"https:\/\/gphm.ca\/fr\/wp-content\/uploads\/2025\/11\/image-8.png","datePublished":"2012-10-29T22:00:42+00:00","dateModified":"2025-11-04T20:15:46+00:00","breadcrumb":{"@id":"https:\/\/gphm.ca\/fr\/partenaires\/#breadcrumb"},"inLanguage":"fr-FR","potentialAction":[{"@type":"ReadAction","target":["https:\/\/gphm.ca\/fr\/partenaires\/"]}]},{"@type":"ImageObject","inLanguage":"fr-FR","@id":"https:\/\/gphm.ca\/fr\/partenaires\/#primaryimage","url":"https:\/\/gphm.ca\/fr\/wp-content\/uploads\/2025\/11\/image-8.png","contentUrl":"https:\/\/gphm.ca\/fr\/wp-content\/uploads\/2025\/11\/image-8.png","width":995,"height":995},{"@type":"BreadcrumbList","@id":"https:\/\/gphm.ca\/fr\/partenaires\/#breadcrumb","itemListElement":[{"@type":"ListItem","position":1,"name":"Home","item":"https:\/\/gphm.ca\/fr\/"},{"@type":"ListItem","position":2,"name":"Partenaires"}]},{"@type":"WebSite","@id":"https:\/\/gphm.ca\/fr\/#website","url":"https:\/\/gphm.ca\/fr\/","name":"Groupe de partage","description":"Aide pour hommes en Mont\u00e9r\u00e9gie","publisher":{"@id":"https:\/\/gphm.ca\/fr\/#organization"},"potentialAction":[{"@type":"SearchAction","target":{"@type":"EntryPoint","urlTemplate":"https:\/\/gphm.ca\/fr\/?s={search_term_string}"},"query-input":{"@type":"PropertyValueSpecification","valueRequired":true,"valueName":"search_term_string"}}],"inLanguage":"fr-FR"},{"@type":"Organization","@id":"https:\/\/gphm.ca\/fr\/#organization","name":"Groupe de Partage pou Hommes de la Mont\u00e9r\u00e9gie","url":"https:\/\/gphm.ca\/fr\/","logo":{"@type":"ImageObject","inLanguage":"fr-FR","@id":"https:\/\/gphm.ca\/fr\/#\/schema\/logo\/image\/","url":"https:\/\/gphm.ca\/fr\/wp-content\/uploads\/2014\/06\/LOGO-gphm-compact-web2.png","contentUrl":"https:\/\/gphm.ca\/fr\/wp-content\/uploads\/2014\/06\/LOGO-gphm-compact-web2.png","width":598,"height":273,"caption":"Groupe de Partage pou Hommes de la Mont\u00e9r\u00e9gie"},"image":{"@id":"https:\/\/gphm.ca\/fr\/#\/schema\/logo\/image\/"}}]}},"_links":{"self":[{"href":"https:\/\/gphm.ca\/fr\/wp-json\/wp\/v2\/pages\/126","targetHints":{"allow":["GET"]}}],"collection":[{"href":"https:\/\/gphm.ca\/fr\/wp-json\/wp\/v2\/pages"}],"about":[{"href":"https:\/\/gphm.ca\/fr\/wp-json\/wp\/v2\/types\/page"}],"author":[{"embeddable":true,"href":"https:\/\/gphm.ca\/fr\/wp-json\/wp\/v2\/users\/1"}],"replies":[{"embeddable":true,"href":"https:\/\/gphm.ca\/fr\/wp-json\/wp\/v2\/comments?post=126"}],"version-history":[{"count":31,"href":"https:\/\/gphm.ca\/fr\/wp-json\/wp\/v2\/pages\/126\/revisions"}],"predecessor-version":[{"id":2359,"href":"https:\/\/gphm.ca\/fr\/wp-json\/wp\/v2\/pages\/126\/revisions\/2359"}],"wp:attachment":[{"href":"https:\/\/gphm.ca\/fr\/wp-json\/wp\/v2\/media?parent=126"}],"curies":[{"name":"wp","href":"https:\/\/api.w.org\/{rel}","templated":true}]}}