{"id":124,"date":"2012-10-29T17:58:53","date_gmt":"2012-10-29T21:58:53","guid":{"rendered":"https:\/\/gphm.ca\/fr\/?page_id=124"},"modified":"2025-09-22T14:58:29","modified_gmt":"2025-09-22T19:58:29","slug":"groupe-avec-themes","status":"publish","type":"page","link":"https:\/\/gphm.ca\/fr\/groupe-avec-themes\/","title":{"rendered":"Th\u00e8mes des rencontres"},"content":{"rendered":"<p>&nbsp;<\/p>\n<p><a href=\"https:\/\/gphm.ca\/fr\/une-ecoute\/image-groupe\/\" rel=\"attachment wp-att-1947\"><br \/>\n<img loading=\"lazy\" decoding=\"async\" class=\"size-medium wp-image-1947 aligncenter\" src=\"https:\/\/gphm.ca\/fr\/wp-content\/uploads\/2024\/12\/image-groupe-300x223.jpg\" alt=\"\" width=\"300\" height=\"223\" srcset=\"https:\/\/gphm.ca\/fr\/wp-content\/uploads\/2024\/12\/image-groupe-300x223.jpg 300w, https:\/\/gphm.ca\/fr\/wp-content\/uploads\/2024\/12\/image-groupe.jpg 533w\" sizes=\"auto, (max-width: 300px) 100vw, 300px\" \/><\/a><\/p>\n<p>&nbsp;<\/p>\n<p>Nous proposons des discussions sur diff\u00e9rents th\u00e8mes lors de nos rencontres.<\/p>\n<p><em><strong>Voici quelques exemples de th\u00e8mes abord\u00e9s<\/strong><\/em>\u00a0:<\/p>\n<p>La communication<\/p>\n<p>Les relations hommes &#8211; femmes<\/p>\n<p>La sexualit\u00e9<\/p>\n<p>Les d\u00e9pendances<\/p>\n<p>Les fraudes financi\u00e8res ou\u00a0 amoureuses<\/p>\n<p>Les blessures<\/p>\n<p>La violence<\/p>\n<p style=\"text-align: justify;\">Les masques<\/p>\n<p style=\"text-align: justify;\">Au gr\u00e9 des participants ou de l&rsquo;animateur, les th\u00e8mes et les sujets changent.<\/p>\n<p><strong>Nous parlons aussi de sujets souvent tabou, et ce, dans l&rsquo;anonymat:<\/strong><\/p>\n<ul>\n<li>suicide<\/li>\n<li>violence<\/li>\n<li>d\u00e9pendances (drogues, alcool,\u00a0 jeux et autres\u2026)<\/li>\n<\/ul>\n<p>&nbsp;<\/p>\n<p>&nbsp;<\/p>\n","protected":false},"excerpt":{"rendered":"<p>&nbsp; &nbsp; Nous proposons des discussions sur diff\u00e9rents th\u00e8mes lors de nos rencontres. Voici quelques exemples de th\u00e8mes abord\u00e9s\u00a0: La communication Les relations hommes &#8211; femmes La sexualit\u00e9 Les d\u00e9pendances Les fraudes financi\u00e8res ou\u00a0 amoureuses Les blessures La violence Les masques Au gr\u00e9 des participants ou de l&rsquo;animateur, les th\u00e8mes et les sujets changent. Nous [&hellip;]<\/p>\n","protected":false},"author":1,"featured_media":0,"parent":0,"menu_order":6,"comment_status":"closed","ping_status":"open","template":"","meta":{"footnotes":""},"class_list":["post-124","page","type-page","status-publish","hentry"],"yoast_head":"<!-- This site is optimized with the Yoast SEO plugin v26.6 - https:\/\/yoast.com\/wordpress\/plugins\/seo\/ -->\n<title>Th\u00e8mes des rencontres - Groupe de partage<\/title>\n<meta name=\"robots\" content=\"index, follow, max-snippet:-1, max-image-preview:large, max-video-preview:-1\" \/>\n<link rel=\"canonical\" href=\"https:\/\/gphm.ca\/fr\/groupe-avec-themes\/\" \/>\n<meta property=\"og:locale\" content=\"fr_FR\" \/>\n<meta property=\"og:type\" content=\"article\" \/>\n<meta property=\"og:title\" content=\"Th\u00e8mes des rencontres - Groupe de partage\" \/>\n<meta property=\"og:description\" content=\"&nbsp; &nbsp; Nous proposons des discussions sur diff\u00e9rents th\u00e8mes lors de nos rencontres. Voici quelques exemples de th\u00e8mes abord\u00e9s\u00a0: La communication Les relations hommes &#8211; femmes La sexualit\u00e9 Les d\u00e9pendances Les fraudes financi\u00e8res ou\u00a0 amoureuses Les blessures La violence Les masques Au gr\u00e9 des participants ou de l&rsquo;animateur, les th\u00e8mes et les sujets changent. Nous [&hellip;]\" \/>\n<meta property=\"og:url\" content=\"https:\/\/gphm.ca\/fr\/groupe-avec-themes\/\" \/>\n<meta property=\"og:site_name\" content=\"Groupe de partage\" \/>\n<meta property=\"article:modified_time\" content=\"2025-09-22T19:58:29+00:00\" \/>\n<meta property=\"og:image\" content=\"https:\/\/gphm.ca\/fr\/wp-content\/uploads\/2024\/12\/image-groupe.jpg\" \/>\n\t<meta property=\"og:image:width\" content=\"533\" \/>\n\t<meta property=\"og:image:height\" content=\"396\" \/>\n\t<meta property=\"og:image:type\" content=\"image\/jpeg\" \/>\n<meta name=\"twitter:card\" content=\"summary_large_image\" \/>\n<script type=\"application\/ld+json\" class=\"yoast-schema-graph\">{\"@context\":\"https:\/\/schema.org\",\"@graph\":[{\"@type\":\"WebPage\",\"@id\":\"https:\/\/gphm.ca\/fr\/groupe-avec-themes\/\",\"url\":\"https:\/\/gphm.ca\/fr\/groupe-avec-themes\/\",\"name\":\"Th\u00e8mes des rencontres - Groupe de partage\",\"isPartOf\":{\"@id\":\"https:\/\/gphm.ca\/fr\/#website\"},\"primaryImageOfPage\":{\"@id\":\"https:\/\/gphm.ca\/fr\/groupe-avec-themes\/#primaryimage\"},\"image\":{\"@id\":\"https:\/\/gphm.ca\/fr\/groupe-avec-themes\/#primaryimage\"},\"thumbnailUrl\":\"https:\/\/gphm.ca\/fr\/wp-content\/uploads\/2024\/12\/image-groupe-300x223.jpg\",\"datePublished\":\"2012-10-29T21:58:53+00:00\",\"dateModified\":\"2025-09-22T19:58:29+00:00\",\"breadcrumb\":{\"@id\":\"https:\/\/gphm.ca\/fr\/groupe-avec-themes\/#breadcrumb\"},\"inLanguage\":\"fr-FR\",\"potentialAction\":[{\"@type\":\"ReadAction\",\"target\":[\"https:\/\/gphm.ca\/fr\/groupe-avec-themes\/\"]}]},{\"@type\":\"ImageObject\",\"inLanguage\":\"fr-FR\",\"@id\":\"https:\/\/gphm.ca\/fr\/groupe-avec-themes\/#primaryimage\",\"url\":\"https:\/\/gphm.ca\/fr\/wp-content\/uploads\/2024\/12\/image-groupe.jpg\",\"contentUrl\":\"https:\/\/gphm.ca\/fr\/wp-content\/uploads\/2024\/12\/image-groupe.jpg\",\"width\":533,\"height\":396},{\"@type\":\"BreadcrumbList\",\"@id\":\"https:\/\/gphm.ca\/fr\/groupe-avec-themes\/#breadcrumb\",\"itemListElement\":[{\"@type\":\"ListItem\",\"position\":1,\"name\":\"Home\",\"item\":\"https:\/\/gphm.ca\/fr\/\"},{\"@type\":\"ListItem\",\"position\":2,\"name\":\"Th\u00e8mes des rencontres\"}]},{\"@type\":\"WebSite\",\"@id\":\"https:\/\/gphm.ca\/fr\/#website\",\"url\":\"https:\/\/gphm.ca\/fr\/\",\"name\":\"Groupe de partage\",\"description\":\"Aide pour hommes en Mont\u00e9r\u00e9gie\",\"publisher\":{\"@id\":\"https:\/\/gphm.ca\/fr\/#organization\"},\"potentialAction\":[{\"@type\":\"SearchAction\",\"target\":{\"@type\":\"EntryPoint\",\"urlTemplate\":\"https:\/\/gphm.ca\/fr\/?s={search_term_string}\"},\"query-input\":{\"@type\":\"PropertyValueSpecification\",\"valueRequired\":true,\"valueName\":\"search_term_string\"}}],\"inLanguage\":\"fr-FR\"},{\"@type\":\"Organization\",\"@id\":\"https:\/\/gphm.ca\/fr\/#organization\",\"name\":\"Groupe de Partage pou Hommes de la Mont\u00e9r\u00e9gie\",\"url\":\"https:\/\/gphm.ca\/fr\/\",\"logo\":{\"@type\":\"ImageObject\",\"inLanguage\":\"fr-FR\",\"@id\":\"https:\/\/gphm.ca\/fr\/#\/schema\/logo\/image\/\",\"url\":\"https:\/\/gphm.ca\/fr\/wp-content\/uploads\/2014\/06\/LOGO-gphm-compact-web2.png\",\"contentUrl\":\"https:\/\/gphm.ca\/fr\/wp-content\/uploads\/2014\/06\/LOGO-gphm-compact-web2.png\",\"width\":598,\"height\":273,\"caption\":\"Groupe de Partage pou Hommes de la Mont\u00e9r\u00e9gie\"},\"image\":{\"@id\":\"https:\/\/gphm.ca\/fr\/#\/schema\/logo\/image\/\"}}]}<\/script>\n<!-- \/ Yoast SEO plugin. -->","yoast_head_json":{"title":"Th\u00e8mes des rencontres - Groupe de partage","robots":{"index":"index","follow":"follow","max-snippet":"max-snippet:-1","max-image-preview":"max-image-preview:large","max-video-preview":"max-video-preview:-1"},"canonical":"https:\/\/gphm.ca\/fr\/groupe-avec-themes\/","og_locale":"fr_FR","og_type":"article","og_title":"Th\u00e8mes des rencontres - Groupe de partage","og_description":"&nbsp; &nbsp; Nous proposons des discussions sur diff\u00e9rents th\u00e8mes lors de nos rencontres. Voici quelques exemples de th\u00e8mes abord\u00e9s\u00a0: La communication Les relations hommes &#8211; femmes La sexualit\u00e9 Les d\u00e9pendances Les fraudes financi\u00e8res ou\u00a0 amoureuses Les blessures La violence Les masques Au gr\u00e9 des participants ou de l&rsquo;animateur, les th\u00e8mes et les sujets changent. Nous [&hellip;]","og_url":"https:\/\/gphm.ca\/fr\/groupe-avec-themes\/","og_site_name":"Groupe de partage","article_modified_time":"2025-09-22T19:58:29+00:00","og_image":[{"width":533,"height":396,"url":"https:\/\/gphm.ca\/fr\/wp-content\/uploads\/2024\/12\/image-groupe.jpg","type":"image\/jpeg"}],"twitter_card":"summary_large_image","schema":{"@context":"https:\/\/schema.org","@graph":[{"@type":"WebPage","@id":"https:\/\/gphm.ca\/fr\/groupe-avec-themes\/","url":"https:\/\/gphm.ca\/fr\/groupe-avec-themes\/","name":"Th\u00e8mes des rencontres - Groupe de partage","isPartOf":{"@id":"https:\/\/gphm.ca\/fr\/#website"},"primaryImageOfPage":{"@id":"https:\/\/gphm.ca\/fr\/groupe-avec-themes\/#primaryimage"},"image":{"@id":"https:\/\/gphm.ca\/fr\/groupe-avec-themes\/#primaryimage"},"thumbnailUrl":"https:\/\/gphm.ca\/fr\/wp-content\/uploads\/2024\/12\/image-groupe-300x223.jpg","datePublished":"2012-10-29T21:58:53+00:00","dateModified":"2025-09-22T19:58:29+00:00","breadcrumb":{"@id":"https:\/\/gphm.ca\/fr\/groupe-avec-themes\/#breadcrumb"},"inLanguage":"fr-FR","potentialAction":[{"@type":"ReadAction","target":["https:\/\/gphm.ca\/fr\/groupe-avec-themes\/"]}]},{"@type":"ImageObject","inLanguage":"fr-FR","@id":"https:\/\/gphm.ca\/fr\/groupe-avec-themes\/#primaryimage","url":"https:\/\/gphm.ca\/fr\/wp-content\/uploads\/2024\/12\/image-groupe.jpg","contentUrl":"https:\/\/gphm.ca\/fr\/wp-content\/uploads\/2024\/12\/image-groupe.jpg","width":533,"height":396},{"@type":"BreadcrumbList","@id":"https:\/\/gphm.ca\/fr\/groupe-avec-themes\/#breadcrumb","itemListElement":[{"@type":"ListItem","position":1,"name":"Home","item":"https:\/\/gphm.ca\/fr\/"},{"@type":"ListItem","position":2,"name":"Th\u00e8mes des rencontres"}]},{"@type":"WebSite","@id":"https:\/\/gphm.ca\/fr\/#website","url":"https:\/\/gphm.ca\/fr\/","name":"Groupe de partage","description":"Aide pour hommes en Mont\u00e9r\u00e9gie","publisher":{"@id":"https:\/\/gphm.ca\/fr\/#organization"},"potentialAction":[{"@type":"SearchAction","target":{"@type":"EntryPoint","urlTemplate":"https:\/\/gphm.ca\/fr\/?s={search_term_string}"},"query-input":{"@type":"PropertyValueSpecification","valueRequired":true,"valueName":"search_term_string"}}],"inLanguage":"fr-FR"},{"@type":"Organization","@id":"https:\/\/gphm.ca\/fr\/#organization","name":"Groupe de Partage pou Hommes de la Mont\u00e9r\u00e9gie","url":"https:\/\/gphm.ca\/fr\/","logo":{"@type":"ImageObject","inLanguage":"fr-FR","@id":"https:\/\/gphm.ca\/fr\/#\/schema\/logo\/image\/","url":"https:\/\/gphm.ca\/fr\/wp-content\/uploads\/2014\/06\/LOGO-gphm-compact-web2.png","contentUrl":"https:\/\/gphm.ca\/fr\/wp-content\/uploads\/2014\/06\/LOGO-gphm-compact-web2.png","width":598,"height":273,"caption":"Groupe de Partage pou Hommes de la Mont\u00e9r\u00e9gie"},"image":{"@id":"https:\/\/gphm.ca\/fr\/#\/schema\/logo\/image\/"}}]}},"_links":{"self":[{"href":"https:\/\/gphm.ca\/fr\/wp-json\/wp\/v2\/pages\/124","targetHints":{"allow":["GET"]}}],"collection":[{"href":"https:\/\/gphm.ca\/fr\/wp-json\/wp\/v2\/pages"}],"about":[{"href":"https:\/\/gphm.ca\/fr\/wp-json\/wp\/v2\/types\/page"}],"author":[{"embeddable":true,"href":"https:\/\/gphm.ca\/fr\/wp-json\/wp\/v2\/users\/1"}],"replies":[{"embeddable":true,"href":"https:\/\/gphm.ca\/fr\/wp-json\/wp\/v2\/comments?post=124"}],"version-history":[{"count":9,"href":"https:\/\/gphm.ca\/fr\/wp-json\/wp\/v2\/pages\/124\/revisions"}],"predecessor-version":[{"id":2285,"href":"https:\/\/gphm.ca\/fr\/wp-json\/wp\/v2\/pages\/124\/revisions\/2285"}],"wp:attachment":[{"href":"https:\/\/gphm.ca\/fr\/wp-json\/wp\/v2\/media?parent=124"}],"curies":[{"name":"wp","href":"https:\/\/api.w.org\/{rel}","templated":true}]}}