{"id":120,"date":"2012-10-29T17:55:13","date_gmt":"2012-10-29T21:55:13","guid":{"rendered":"https:\/\/gphm.ca\/fr\/?page_id=120"},"modified":"2026-02-17T15:46:44","modified_gmt":"2026-02-17T20:46:44","slug":"aide-pour-hommes","status":"publish","type":"page","link":"https:\/\/gphm.ca\/fr\/aide-pour-hommes\/","title":{"rendered":"Liens pour de l&rsquo;aide offerte aux hommes"},"content":{"rendered":"<h2 style=\"text-align: left;\"><\/h2>\n<p style=\"text-align: left;\">Le Groupe de partage pour Hommes de la Mont\u00e9r\u00e9gie vous invite \u00e0 consulter ces organismes aidant les hommes.<\/p>\n<p style=\"text-align: left;\" align=\"justify\">Veuillez noter que nous ne pouvons garantir la qualit\u00e9 des services qui seront donn\u00e9s. \u00a0Toutefois, tous ces organismes sont connus et reconnus.<\/p>\n<p style=\"text-align: left;\">Si vous viviez des probl\u00e8mes avec l&rsquo;un de ces organismes, faites-le-nous savoir en cliquant <a title=\"Nous joindre\" href=\"https:\/\/gphm.ca\/fr\/nous-joindre\/\">ici<\/a><\/p>\n<p><a href=\"https:\/\/gphm.ca\/fr\/wp-content\/uploads\/2026\/02\/arc-en-ciel.jpg\"><img loading=\"lazy\" decoding=\"async\" class=\"alignnone  wp-image-2397\" src=\"https:\/\/gphm.ca\/fr\/wp-content\/uploads\/2026\/02\/arc-en-ciel.jpg\" alt=\"\" width=\"293\" height=\"286\" \/><\/a><\/p>\n<p>&nbsp;<\/p>\n<h2><\/h2>\n<p>&nbsp;<\/p>\n<p><a href=\"https:\/\/gphm.ca\/fr\/wp-content\/uploads\/2012\/10\/centre-de-crise-acces.jpg\"><img loading=\"lazy\" decoding=\"async\" class=\"wp-image-515 alignleft\" src=\"https:\/\/gphm.ca\/fr\/wp-content\/uploads\/2012\/10\/centre-de-crise-acces.jpg\" alt=\"centre-de-crise-acces\" width=\"288\" height=\"108\" srcset=\"https:\/\/gphm.ca\/fr\/wp-content\/uploads\/2012\/10\/centre-de-crise-acces.jpg 800w, https:\/\/gphm.ca\/fr\/wp-content\/uploads\/2012\/10\/centre-de-crise-acces-300x112.jpg 300w\" sizes=\"auto, (max-width: 288px) 100vw, 288px\" \/><\/a><\/p>\n<p>Lors d\u2019une crise qui n\u00e9cessite une \u00e9valuation, de l\u2019\u00e9coute,\u00a0des r\u00e9f\u00e9rences et peut-\u00eatre m\u00eame un h\u00e9bergement :\u00a0Centre de crise L\u2019Acc\u00e8s : <span style=\"color: #008000;\"><strong>450-679-8689<\/strong><\/span><\/p>\n<p>&nbsp;<\/p>\n<p>&nbsp;<\/p>\n<p style=\"text-align: left;\"><span style=\"color: #ffffff; line-height: 1.5em;\">#<\/span><a href=\"http:\/\/www.telaide.org\/\"><img loading=\"lazy\" decoding=\"async\" class=\"wp-image-469 alignleft\" src=\"https:\/\/gphm.ca\/fr\/wp-content\/uploads\/2012\/10\/logo_tel-aide.png\" alt=\"logo_tel-aide\" width=\"181\" height=\"116\" \/><\/a><\/p>\n<div style=\"text-align: left;\">Pour <strong><span style=\"color: #ff6600;\">se confier<\/span><\/strong> rapidement \u00e0 quelqu\u2019un (24 h\/7 jours) : <a title=\"telaide\" href=\"http:\/\/www.telaide.org\/\" target=\"_blank\" rel=\"noopener\">Centre d\u2019\u00e9coute Tel-Aide<\/a> : <strong><span style=\"color: #008000;\">514-935-1101<\/span><\/strong><\/div>\n<div style=\"text-align: left;\"><span style=\"color: #ffffff;\">#<\/span><\/div>\n<div style=\"text-align: left;\"><span style=\"color: #ffffff;\">#<\/span><\/div>\n<div><\/div>\n<div style=\"text-align: left;\"><\/div>\n<div><\/div>\n<div><\/div>\n<p style=\"text-align: left;\"><a style=\"line-height: 1.5em;\" href=\"http:\/\/sante.gouv.qc.ca\/systeme-sante-en-bref\/info-sante-8-1-1\/\"><img loading=\"lazy\" decoding=\"async\" class=\"size-full wp-image-465 alignleft\" src=\"https:\/\/gphm.ca\/fr\/wp-content\/uploads\/2012\/10\/811.gif\" alt=\"811\" width=\"237\" height=\"68\" \/><\/a><\/p>\n<p style=\"text-align: left;\">Pour situations de <span style=\"color: #ff6600;\"><strong>crise personnelle ou familiale<\/strong><\/span> urgente : <a title=\"811\" href=\"http:\/\/sante.gouv.qc.ca\/systeme-sante-en-bref\/info-sante-8-1-1\/\" target=\"_blank\" rel=\"noopener\">Urgence psychosociale<\/a> :<strong> <span style=\"color: #008000;\">811<\/span><\/strong><\/p>\n<p>&nbsp;<\/p>\n<p style=\"text-align: left;\"><span style=\"color: #ffffff;\">#<\/span><\/p>\n<p><span style=\"color: #ffffff;\"><a href=\"http:\/\/www.santemonteregie.qc.ca\/agence\/index.fr.html\"><img loading=\"lazy\" decoding=\"async\" class=\"size-full wp-image-480 alignleft\" src=\"https:\/\/gphm.ca\/fr\/wp-content\/uploads\/2012\/10\/logo-quebec-agence.gif\" alt=\"logo-quebec-agence\" width=\"146\" height=\"58\" \/><\/a>#<\/span><\/p>\n<p><span style=\"line-height: 1.5em;\">Pour des infos g\u00e9n\u00e9rales cliquez sur le logo de l&rsquo;agence de la sant\u00e9<\/span><\/p>\n<p>&nbsp;<\/p>\n<p style=\"text-align: left;\"><span style=\"color: #ffffff;\">#<\/span><\/p>\n<p style=\"text-align: left;\"><span style=\"color: #ffffff;\">#<\/span><\/p>\n<p style=\"text-align: left;\">\n","protected":false},"excerpt":{"rendered":"<p>Le Groupe de partage pour Hommes de la Mont\u00e9r\u00e9gie vous invite \u00e0 consulter ces organismes aidant les hommes. Veuillez noter que nous ne pouvons garantir la qualit\u00e9 des services qui seront donn\u00e9s. \u00a0Toutefois, tous ces organismes sont connus et reconnus. Si vous viviez des probl\u00e8mes avec l&rsquo;un de ces organismes, faites-le-nous savoir en cliquant ici [&hellip;]<\/p>\n","protected":false},"author":1,"featured_media":2006,"parent":0,"menu_order":6,"comment_status":"closed","ping_status":"open","template":"","meta":{"footnotes":""},"class_list":["post-120","page","type-page","status-publish","has-post-thumbnail","hentry"],"yoast_head":"<!-- This site is optimized with the Yoast SEO plugin v26.6 - https:\/\/yoast.com\/wordpress\/plugins\/seo\/ -->\n<title>Aide pour les hommes<\/title>\n<meta name=\"description\" content=\"Aide pour les hommes: Le GPHM vous invite \u00e0 consulter ces organismes aidant particuli\u00e8rement les hommes. Tous ces organismes sont connus et reconnus.\" \/>\n<meta name=\"robots\" content=\"index, follow, max-snippet:-1, max-image-preview:large, max-video-preview:-1\" \/>\n<link rel=\"canonical\" href=\"https:\/\/gphm.ca\/fr\/aide-pour-hommes\/\" \/>\n<meta property=\"og:locale\" content=\"fr_FR\" \/>\n<meta property=\"og:type\" content=\"article\" \/>\n<meta property=\"og:title\" content=\"Aide pour les hommes\" \/>\n<meta property=\"og:description\" content=\"Aide pour les hommes: Le GPHM vous invite \u00e0 consulter ces organismes aidant particuli\u00e8rement les hommes. Tous ces organismes sont connus et reconnus.\" \/>\n<meta property=\"og:url\" content=\"https:\/\/gphm.ca\/fr\/aide-pour-hommes\/\" \/>\n<meta property=\"og:site_name\" content=\"Groupe de partage\" \/>\n<meta property=\"article:modified_time\" content=\"2026-02-17T20:46:44+00:00\" \/>\n<meta property=\"og:image\" content=\"https:\/\/gphm.ca\/fr\/wp-content\/uploads\/2024\/12\/larc-en-ciel.png\" \/>\n\t<meta property=\"og:image:width\" content=\"1436\" \/>\n\t<meta property=\"og:image:height\" content=\"1474\" \/>\n\t<meta property=\"og:image:type\" content=\"image\/png\" \/>\n<meta name=\"twitter:card\" content=\"summary_large_image\" \/>\n<meta name=\"twitter:label1\" content=\"Dur\u00e9e de lecture estim\u00e9e\" \/>\n\t<meta name=\"twitter:data1\" content=\"2 minutes\" \/>\n<script type=\"application\/ld+json\" class=\"yoast-schema-graph\">{\"@context\":\"https:\/\/schema.org\",\"@graph\":[{\"@type\":\"WebPage\",\"@id\":\"https:\/\/gphm.ca\/fr\/aide-pour-hommes\/\",\"url\":\"https:\/\/gphm.ca\/fr\/aide-pour-hommes\/\",\"name\":\"Aide pour les hommes\",\"isPartOf\":{\"@id\":\"https:\/\/gphm.ca\/fr\/#website\"},\"primaryImageOfPage\":{\"@id\":\"https:\/\/gphm.ca\/fr\/aide-pour-hommes\/#primaryimage\"},\"image\":{\"@id\":\"https:\/\/gphm.ca\/fr\/aide-pour-hommes\/#primaryimage\"},\"thumbnailUrl\":\"https:\/\/gphm.ca\/fr\/wp-content\/uploads\/2024\/12\/larc-en-ciel.png\",\"datePublished\":\"2012-10-29T21:55:13+00:00\",\"dateModified\":\"2026-02-17T20:46:44+00:00\",\"description\":\"Aide pour les hommes: Le GPHM vous invite \u00e0 consulter ces organismes aidant particuli\u00e8rement les hommes. Tous ces organismes sont connus et reconnus.\",\"breadcrumb\":{\"@id\":\"https:\/\/gphm.ca\/fr\/aide-pour-hommes\/#breadcrumb\"},\"inLanguage\":\"fr-FR\",\"potentialAction\":[{\"@type\":\"ReadAction\",\"target\":[\"https:\/\/gphm.ca\/fr\/aide-pour-hommes\/\"]}]},{\"@type\":\"ImageObject\",\"inLanguage\":\"fr-FR\",\"@id\":\"https:\/\/gphm.ca\/fr\/aide-pour-hommes\/#primaryimage\",\"url\":\"https:\/\/gphm.ca\/fr\/wp-content\/uploads\/2024\/12\/larc-en-ciel.png\",\"contentUrl\":\"https:\/\/gphm.ca\/fr\/wp-content\/uploads\/2024\/12\/larc-en-ciel.png\",\"width\":1436,\"height\":1474},{\"@type\":\"BreadcrumbList\",\"@id\":\"https:\/\/gphm.ca\/fr\/aide-pour-hommes\/#breadcrumb\",\"itemListElement\":[{\"@type\":\"ListItem\",\"position\":1,\"name\":\"Home\",\"item\":\"https:\/\/gphm.ca\/fr\/\"},{\"@type\":\"ListItem\",\"position\":2,\"name\":\"Liens pour de l&rsquo;aide offerte aux hommes\"}]},{\"@type\":\"WebSite\",\"@id\":\"https:\/\/gphm.ca\/fr\/#website\",\"url\":\"https:\/\/gphm.ca\/fr\/\",\"name\":\"Groupe de partage\",\"description\":\"Aide pour hommes en Mont\u00e9r\u00e9gie\",\"publisher\":{\"@id\":\"https:\/\/gphm.ca\/fr\/#organization\"},\"potentialAction\":[{\"@type\":\"SearchAction\",\"target\":{\"@type\":\"EntryPoint\",\"urlTemplate\":\"https:\/\/gphm.ca\/fr\/?s={search_term_string}\"},\"query-input\":{\"@type\":\"PropertyValueSpecification\",\"valueRequired\":true,\"valueName\":\"search_term_string\"}}],\"inLanguage\":\"fr-FR\"},{\"@type\":\"Organization\",\"@id\":\"https:\/\/gphm.ca\/fr\/#organization\",\"name\":\"Groupe de Partage pou Hommes de la Mont\u00e9r\u00e9gie\",\"url\":\"https:\/\/gphm.ca\/fr\/\",\"logo\":{\"@type\":\"ImageObject\",\"inLanguage\":\"fr-FR\",\"@id\":\"https:\/\/gphm.ca\/fr\/#\/schema\/logo\/image\/\",\"url\":\"https:\/\/gphm.ca\/fr\/wp-content\/uploads\/2014\/06\/LOGO-gphm-compact-web2.png\",\"contentUrl\":\"https:\/\/gphm.ca\/fr\/wp-content\/uploads\/2014\/06\/LOGO-gphm-compact-web2.png\",\"width\":598,\"height\":273,\"caption\":\"Groupe de Partage pou Hommes de la Mont\u00e9r\u00e9gie\"},\"image\":{\"@id\":\"https:\/\/gphm.ca\/fr\/#\/schema\/logo\/image\/\"}}]}<\/script>\n<!-- \/ Yoast SEO plugin. -->","yoast_head_json":{"title":"Aide pour les hommes","description":"Aide pour les hommes: Le GPHM vous invite \u00e0 consulter ces organismes aidant particuli\u00e8rement les hommes. Tous ces organismes sont connus et reconnus.","robots":{"index":"index","follow":"follow","max-snippet":"max-snippet:-1","max-image-preview":"max-image-preview:large","max-video-preview":"max-video-preview:-1"},"canonical":"https:\/\/gphm.ca\/fr\/aide-pour-hommes\/","og_locale":"fr_FR","og_type":"article","og_title":"Aide pour les hommes","og_description":"Aide pour les hommes: Le GPHM vous invite \u00e0 consulter ces organismes aidant particuli\u00e8rement les hommes. Tous ces organismes sont connus et reconnus.","og_url":"https:\/\/gphm.ca\/fr\/aide-pour-hommes\/","og_site_name":"Groupe de partage","article_modified_time":"2026-02-17T20:46:44+00:00","og_image":[{"width":1436,"height":1474,"url":"https:\/\/gphm.ca\/fr\/wp-content\/uploads\/2024\/12\/larc-en-ciel.png","type":"image\/png"}],"twitter_card":"summary_large_image","twitter_misc":{"Dur\u00e9e de lecture estim\u00e9e":"2 minutes"},"schema":{"@context":"https:\/\/schema.org","@graph":[{"@type":"WebPage","@id":"https:\/\/gphm.ca\/fr\/aide-pour-hommes\/","url":"https:\/\/gphm.ca\/fr\/aide-pour-hommes\/","name":"Aide pour les hommes","isPartOf":{"@id":"https:\/\/gphm.ca\/fr\/#website"},"primaryImageOfPage":{"@id":"https:\/\/gphm.ca\/fr\/aide-pour-hommes\/#primaryimage"},"image":{"@id":"https:\/\/gphm.ca\/fr\/aide-pour-hommes\/#primaryimage"},"thumbnailUrl":"https:\/\/gphm.ca\/fr\/wp-content\/uploads\/2024\/12\/larc-en-ciel.png","datePublished":"2012-10-29T21:55:13+00:00","dateModified":"2026-02-17T20:46:44+00:00","description":"Aide pour les hommes: Le GPHM vous invite \u00e0 consulter ces organismes aidant particuli\u00e8rement les hommes. Tous ces organismes sont connus et reconnus.","breadcrumb":{"@id":"https:\/\/gphm.ca\/fr\/aide-pour-hommes\/#breadcrumb"},"inLanguage":"fr-FR","potentialAction":[{"@type":"ReadAction","target":["https:\/\/gphm.ca\/fr\/aide-pour-hommes\/"]}]},{"@type":"ImageObject","inLanguage":"fr-FR","@id":"https:\/\/gphm.ca\/fr\/aide-pour-hommes\/#primaryimage","url":"https:\/\/gphm.ca\/fr\/wp-content\/uploads\/2024\/12\/larc-en-ciel.png","contentUrl":"https:\/\/gphm.ca\/fr\/wp-content\/uploads\/2024\/12\/larc-en-ciel.png","width":1436,"height":1474},{"@type":"BreadcrumbList","@id":"https:\/\/gphm.ca\/fr\/aide-pour-hommes\/#breadcrumb","itemListElement":[{"@type":"ListItem","position":1,"name":"Home","item":"https:\/\/gphm.ca\/fr\/"},{"@type":"ListItem","position":2,"name":"Liens pour de l&rsquo;aide offerte aux hommes"}]},{"@type":"WebSite","@id":"https:\/\/gphm.ca\/fr\/#website","url":"https:\/\/gphm.ca\/fr\/","name":"Groupe de partage","description":"Aide pour hommes en Mont\u00e9r\u00e9gie","publisher":{"@id":"https:\/\/gphm.ca\/fr\/#organization"},"potentialAction":[{"@type":"SearchAction","target":{"@type":"EntryPoint","urlTemplate":"https:\/\/gphm.ca\/fr\/?s={search_term_string}"},"query-input":{"@type":"PropertyValueSpecification","valueRequired":true,"valueName":"search_term_string"}}],"inLanguage":"fr-FR"},{"@type":"Organization","@id":"https:\/\/gphm.ca\/fr\/#organization","name":"Groupe de Partage pou Hommes de la Mont\u00e9r\u00e9gie","url":"https:\/\/gphm.ca\/fr\/","logo":{"@type":"ImageObject","inLanguage":"fr-FR","@id":"https:\/\/gphm.ca\/fr\/#\/schema\/logo\/image\/","url":"https:\/\/gphm.ca\/fr\/wp-content\/uploads\/2014\/06\/LOGO-gphm-compact-web2.png","contentUrl":"https:\/\/gphm.ca\/fr\/wp-content\/uploads\/2014\/06\/LOGO-gphm-compact-web2.png","width":598,"height":273,"caption":"Groupe de Partage pou Hommes de la Mont\u00e9r\u00e9gie"},"image":{"@id":"https:\/\/gphm.ca\/fr\/#\/schema\/logo\/image\/"}}]}},"_links":{"self":[{"href":"https:\/\/gphm.ca\/fr\/wp-json\/wp\/v2\/pages\/120","targetHints":{"allow":["GET"]}}],"collection":[{"href":"https:\/\/gphm.ca\/fr\/wp-json\/wp\/v2\/pages"}],"about":[{"href":"https:\/\/gphm.ca\/fr\/wp-json\/wp\/v2\/types\/page"}],"author":[{"embeddable":true,"href":"https:\/\/gphm.ca\/fr\/wp-json\/wp\/v2\/users\/1"}],"replies":[{"embeddable":true,"href":"https:\/\/gphm.ca\/fr\/wp-json\/wp\/v2\/comments?post=120"}],"version-history":[{"count":28,"href":"https:\/\/gphm.ca\/fr\/wp-json\/wp\/v2\/pages\/120\/revisions"}],"predecessor-version":[{"id":2398,"href":"https:\/\/gphm.ca\/fr\/wp-json\/wp\/v2\/pages\/120\/revisions\/2398"}],"wp:featuredmedia":[{"embeddable":true,"href":"https:\/\/gphm.ca\/fr\/wp-json\/wp\/v2\/media\/2006"}],"wp:attachment":[{"href":"https:\/\/gphm.ca\/fr\/wp-json\/wp\/v2\/media?parent=120"}],"curies":[{"name":"wp","href":"https:\/\/api.w.org\/{rel}","templated":true}]}}