{"id":112,"date":"2012-10-29T17:47:49","date_gmt":"2012-10-29T21:47:49","guid":{"rendered":"https:\/\/gphm.ca\/fr\/?page_id=112"},"modified":"2025-09-20T16:54:46","modified_gmt":"2025-09-20T21:54:46","slug":"regles-de-conduite-2","status":"publish","type":"page","link":"https:\/\/gphm.ca\/fr\/regles-de-conduite-2\/","title":{"rendered":"R\u00e8gles de conduite"},"content":{"rendered":"<p><script>\n  (function(i,s,o,g,r,a,m){i['GoogleAnalyticsObject']=r;i[r]=i[r]||function(){\n  (i[r].q=i[r].q||[]).push(arguments)},i[r].l=1*new Date();a=s.createElement(o),\n  m=s.getElementsByTagName(o)[0];a.async=1;a.src=g;m.parentNode.insertBefore(a,m)\n  })(window,document,'script','\/\/www.google-analytics.com\/analytics.js','ga');<\/p>\n<p>  ga('create', 'UA-51905816-1', 'auto');\n  ga('send', 'pageview');<\/p>\n<p><\/script><\/p>\n<p>&nbsp;<\/p>\n<p><strong>R\u00e8gles de conduite du participant\u00a0:<\/strong><\/p>\n<ul>\n<li>Confidentialit\u00e9;<\/li>\n<li>\u00catre vrai, \u00eatre ouvert;<\/li>\n<li>Parler de <strong>SON<\/strong> exp\u00e9rience, utiliser le \u00ab\u00a0je\u00a0\u00bb;<\/li>\n<li>Ne pas donner de conseils, de recettes ou de directives, plut\u00f4t utiliser son exp\u00e9rience personnelle;<\/li>\n<li>\u00catre \u00e0 l\u2019\u00e9coute;<\/li>\n<li>Respect (langage\/rythme);<\/li>\n<li>Non jugement;<\/li>\n<li>Prendre sa place sans prendre toute la place;<\/li>\n<li>Lever la main avant de prendre la parole;<\/li>\n<li>Privil\u00e9gier la forme interrogative dans les interventions;<\/li>\n<li>L\u2019humour a sa place, pas au d\u00e9triment d\u2019autrui cependant;<\/li>\n<li><strong>Assiduit\u00e9<\/strong>\u00a0;\n<ul>\n<li>Faire partie d\u2019un groupe, c\u2019est s\u2019engager \u00e0 y \u00eatre pr\u00e9sent et ponctuel;<\/li>\n<li>On avise l\u2019animateur de tout contretemps pouvant affecter notre participation<\/li>\n<\/ul>\n<\/li>\n<li>Adh\u00e9sion de 20$;<\/li>\n<li>Contribution\u00a0 volontaire de 10$ par rencontre.<\/li>\n<\/ul>\n<p>&nbsp;<\/p>\n<p><strong>Le Groupe de Partage pour Hommes de la Mont\u00e9r\u00e9gie se r\u00e9serve le droit de refuser ou d\u2019expulser quiconque d\u00e9montre une forme de non-respect ou d\u2019arrogance envers les autres membres ou envers les animateurs.<\/strong><\/p>\n<p>&nbsp;<\/p>\n","protected":false},"excerpt":{"rendered":"<p>&nbsp; R\u00e8gles de conduite du participant\u00a0: Confidentialit\u00e9; \u00catre vrai, \u00eatre ouvert; Parler de SON exp\u00e9rience, utiliser le \u00ab\u00a0je\u00a0\u00bb; Ne pas donner de conseils, de recettes ou de directives, plut\u00f4t utiliser son exp\u00e9rience personnelle; \u00catre \u00e0 l\u2019\u00e9coute; Respect (langage\/rythme); Non jugement; Prendre sa place sans prendre toute la place; Lever la main avant de prendre la [&hellip;]<\/p>\n","protected":false},"author":1,"featured_media":0,"parent":0,"menu_order":5,"comment_status":"closed","ping_status":"open","template":"","meta":{"footnotes":""},"class_list":["post-112","page","type-page","status-publish","hentry"],"yoast_head":"<!-- This site is optimized with the Yoast SEO plugin v26.6 - https:\/\/yoast.com\/wordpress\/plugins\/seo\/ -->\n<title>R\u00e8gles de conduite - Groupe de partage<\/title>\n<meta name=\"robots\" content=\"index, follow, max-snippet:-1, max-image-preview:large, max-video-preview:-1\" \/>\n<link rel=\"canonical\" href=\"https:\/\/gphm.ca\/fr\/regles-de-conduite-2\/\" \/>\n<meta property=\"og:locale\" content=\"fr_FR\" \/>\n<meta property=\"og:type\" content=\"article\" \/>\n<meta property=\"og:title\" content=\"R\u00e8gles de conduite - Groupe de partage\" \/>\n<meta property=\"og:description\" content=\"&nbsp; R\u00e8gles de conduite du participant\u00a0: Confidentialit\u00e9; \u00catre vrai, \u00eatre ouvert; Parler de SON exp\u00e9rience, utiliser le \u00ab\u00a0je\u00a0\u00bb; Ne pas donner de conseils, de recettes ou de directives, plut\u00f4t utiliser son exp\u00e9rience personnelle; \u00catre \u00e0 l\u2019\u00e9coute; Respect (langage\/rythme); Non jugement; Prendre sa place sans prendre toute la place; Lever la main avant de prendre la [&hellip;]\" \/>\n<meta property=\"og:url\" content=\"https:\/\/gphm.ca\/fr\/regles-de-conduite-2\/\" \/>\n<meta property=\"og:site_name\" content=\"Groupe de partage\" \/>\n<meta property=\"article:modified_time\" content=\"2025-09-20T21:54:46+00:00\" \/>\n<meta name=\"twitter:card\" content=\"summary_large_image\" \/>\n<meta name=\"twitter:label1\" content=\"Dur\u00e9e de lecture estim\u00e9e\" \/>\n\t<meta name=\"twitter:data1\" content=\"1 minute\" \/>\n<script type=\"application\/ld+json\" class=\"yoast-schema-graph\">{\"@context\":\"https:\/\/schema.org\",\"@graph\":[{\"@type\":\"WebPage\",\"@id\":\"https:\/\/gphm.ca\/fr\/regles-de-conduite-2\/\",\"url\":\"https:\/\/gphm.ca\/fr\/regles-de-conduite-2\/\",\"name\":\"R\u00e8gles de conduite - Groupe de partage\",\"isPartOf\":{\"@id\":\"https:\/\/gphm.ca\/fr\/#website\"},\"datePublished\":\"2012-10-29T21:47:49+00:00\",\"dateModified\":\"2025-09-20T21:54:46+00:00\",\"breadcrumb\":{\"@id\":\"https:\/\/gphm.ca\/fr\/regles-de-conduite-2\/#breadcrumb\"},\"inLanguage\":\"fr-FR\",\"potentialAction\":[{\"@type\":\"ReadAction\",\"target\":[\"https:\/\/gphm.ca\/fr\/regles-de-conduite-2\/\"]}]},{\"@type\":\"BreadcrumbList\",\"@id\":\"https:\/\/gphm.ca\/fr\/regles-de-conduite-2\/#breadcrumb\",\"itemListElement\":[{\"@type\":\"ListItem\",\"position\":1,\"name\":\"Home\",\"item\":\"https:\/\/gphm.ca\/fr\/\"},{\"@type\":\"ListItem\",\"position\":2,\"name\":\"R\u00e8gles de conduite\"}]},{\"@type\":\"WebSite\",\"@id\":\"https:\/\/gphm.ca\/fr\/#website\",\"url\":\"https:\/\/gphm.ca\/fr\/\",\"name\":\"Groupe de partage\",\"description\":\"Aide pour hommes en Mont\u00e9r\u00e9gie\",\"publisher\":{\"@id\":\"https:\/\/gphm.ca\/fr\/#organization\"},\"potentialAction\":[{\"@type\":\"SearchAction\",\"target\":{\"@type\":\"EntryPoint\",\"urlTemplate\":\"https:\/\/gphm.ca\/fr\/?s={search_term_string}\"},\"query-input\":{\"@type\":\"PropertyValueSpecification\",\"valueRequired\":true,\"valueName\":\"search_term_string\"}}],\"inLanguage\":\"fr-FR\"},{\"@type\":\"Organization\",\"@id\":\"https:\/\/gphm.ca\/fr\/#organization\",\"name\":\"Groupe de Partage pou Hommes de la Mont\u00e9r\u00e9gie\",\"url\":\"https:\/\/gphm.ca\/fr\/\",\"logo\":{\"@type\":\"ImageObject\",\"inLanguage\":\"fr-FR\",\"@id\":\"https:\/\/gphm.ca\/fr\/#\/schema\/logo\/image\/\",\"url\":\"https:\/\/gphm.ca\/fr\/wp-content\/uploads\/2014\/06\/LOGO-gphm-compact-web2.png\",\"contentUrl\":\"https:\/\/gphm.ca\/fr\/wp-content\/uploads\/2014\/06\/LOGO-gphm-compact-web2.png\",\"width\":598,\"height\":273,\"caption\":\"Groupe de Partage pou Hommes de la Mont\u00e9r\u00e9gie\"},\"image\":{\"@id\":\"https:\/\/gphm.ca\/fr\/#\/schema\/logo\/image\/\"}}]}<\/script>\n<!-- \/ Yoast SEO plugin. -->","yoast_head_json":{"title":"R\u00e8gles de conduite - Groupe de partage","robots":{"index":"index","follow":"follow","max-snippet":"max-snippet:-1","max-image-preview":"max-image-preview:large","max-video-preview":"max-video-preview:-1"},"canonical":"https:\/\/gphm.ca\/fr\/regles-de-conduite-2\/","og_locale":"fr_FR","og_type":"article","og_title":"R\u00e8gles de conduite - Groupe de partage","og_description":"&nbsp; R\u00e8gles de conduite du participant\u00a0: Confidentialit\u00e9; \u00catre vrai, \u00eatre ouvert; Parler de SON exp\u00e9rience, utiliser le \u00ab\u00a0je\u00a0\u00bb; Ne pas donner de conseils, de recettes ou de directives, plut\u00f4t utiliser son exp\u00e9rience personnelle; \u00catre \u00e0 l\u2019\u00e9coute; Respect (langage\/rythme); Non jugement; Prendre sa place sans prendre toute la place; Lever la main avant de prendre la [&hellip;]","og_url":"https:\/\/gphm.ca\/fr\/regles-de-conduite-2\/","og_site_name":"Groupe de partage","article_modified_time":"2025-09-20T21:54:46+00:00","twitter_card":"summary_large_image","twitter_misc":{"Dur\u00e9e de lecture estim\u00e9e":"1 minute"},"schema":{"@context":"https:\/\/schema.org","@graph":[{"@type":"WebPage","@id":"https:\/\/gphm.ca\/fr\/regles-de-conduite-2\/","url":"https:\/\/gphm.ca\/fr\/regles-de-conduite-2\/","name":"R\u00e8gles de conduite - Groupe de partage","isPartOf":{"@id":"https:\/\/gphm.ca\/fr\/#website"},"datePublished":"2012-10-29T21:47:49+00:00","dateModified":"2025-09-20T21:54:46+00:00","breadcrumb":{"@id":"https:\/\/gphm.ca\/fr\/regles-de-conduite-2\/#breadcrumb"},"inLanguage":"fr-FR","potentialAction":[{"@type":"ReadAction","target":["https:\/\/gphm.ca\/fr\/regles-de-conduite-2\/"]}]},{"@type":"BreadcrumbList","@id":"https:\/\/gphm.ca\/fr\/regles-de-conduite-2\/#breadcrumb","itemListElement":[{"@type":"ListItem","position":1,"name":"Home","item":"https:\/\/gphm.ca\/fr\/"},{"@type":"ListItem","position":2,"name":"R\u00e8gles de conduite"}]},{"@type":"WebSite","@id":"https:\/\/gphm.ca\/fr\/#website","url":"https:\/\/gphm.ca\/fr\/","name":"Groupe de partage","description":"Aide pour hommes en Mont\u00e9r\u00e9gie","publisher":{"@id":"https:\/\/gphm.ca\/fr\/#organization"},"potentialAction":[{"@type":"SearchAction","target":{"@type":"EntryPoint","urlTemplate":"https:\/\/gphm.ca\/fr\/?s={search_term_string}"},"query-input":{"@type":"PropertyValueSpecification","valueRequired":true,"valueName":"search_term_string"}}],"inLanguage":"fr-FR"},{"@type":"Organization","@id":"https:\/\/gphm.ca\/fr\/#organization","name":"Groupe de Partage pou Hommes de la Mont\u00e9r\u00e9gie","url":"https:\/\/gphm.ca\/fr\/","logo":{"@type":"ImageObject","inLanguage":"fr-FR","@id":"https:\/\/gphm.ca\/fr\/#\/schema\/logo\/image\/","url":"https:\/\/gphm.ca\/fr\/wp-content\/uploads\/2014\/06\/LOGO-gphm-compact-web2.png","contentUrl":"https:\/\/gphm.ca\/fr\/wp-content\/uploads\/2014\/06\/LOGO-gphm-compact-web2.png","width":598,"height":273,"caption":"Groupe de Partage pou Hommes de la Mont\u00e9r\u00e9gie"},"image":{"@id":"https:\/\/gphm.ca\/fr\/#\/schema\/logo\/image\/"}}]}},"_links":{"self":[{"href":"https:\/\/gphm.ca\/fr\/wp-json\/wp\/v2\/pages\/112","targetHints":{"allow":["GET"]}}],"collection":[{"href":"https:\/\/gphm.ca\/fr\/wp-json\/wp\/v2\/pages"}],"about":[{"href":"https:\/\/gphm.ca\/fr\/wp-json\/wp\/v2\/types\/page"}],"author":[{"embeddable":true,"href":"https:\/\/gphm.ca\/fr\/wp-json\/wp\/v2\/users\/1"}],"replies":[{"embeddable":true,"href":"https:\/\/gphm.ca\/fr\/wp-json\/wp\/v2\/comments?post=112"}],"version-history":[{"count":11,"href":"https:\/\/gphm.ca\/fr\/wp-json\/wp\/v2\/pages\/112\/revisions"}],"predecessor-version":[{"id":2225,"href":"https:\/\/gphm.ca\/fr\/wp-json\/wp\/v2\/pages\/112\/revisions\/2225"}],"wp:attachment":[{"href":"https:\/\/gphm.ca\/fr\/wp-json\/wp\/v2\/media?parent=112"}],"curies":[{"name":"wp","href":"https:\/\/api.w.org\/{rel}","templated":true}]}}